{"id":1303,"date":"2019-09-14T13:02:18","date_gmt":"2019-09-14T11:02:18","guid":{"rendered":"http:\/\/www.mariondumas.com\/blog\/?page_id=1303"},"modified":"2025-11-20T14:54:13","modified_gmt":"2025-11-20T12:54:13","slug":"voix-off","status":"publish","type":"page","link":"https:\/\/www.mariondumas.com\/blog\/voix-off\/","title":{"rendered":"VOIX OFF &#8211; Doublage"},"content":{"rendered":"<h1>VOIX OFF &#8211; Doublage<\/h1>\n<p>Cela fait 20 ans que j&rsquo;ai le bonheur de travailler avec ma voix. Voici qq extrait de doublage et de publicit\u00e9s radio.<\/p>\n<p>Vous pouvez en savoir plus , en visitant ma page pro\u00a0 <a href=\"https:\/\/www.voxingpro.com\/marion-dumas\">https:\/\/www.voxingpro.com\/marion-dumas\u00a0<\/a><\/p>\n<p>Bande d\u00e9mo doublage :\u00a0<a href=\"https:\/\/vimeo.com\/422830005\" data-rel=\"lightbox-video-0\" data-magnific_type=\"video\">https:\/\/vimeo.com\/422830005<\/a><\/p>\n<p><iframe loading=\"lazy\" title=\"bande de\u0301mo voix -Dumas Marion 2020\" src=\"https:\/\/player.vimeo.com\/video\/422830005?dnt=1&amp;app_id=122963\" width=\"640\" height=\"360\" frameborder=\"0\" allow=\"autoplay; fullscreen; picture-in-picture; clipboard-write; encrypted-media; web-share\" referrerpolicy=\"strict-origin-when-cross-origin\"><\/iframe><\/p>\n<p>Marion Dumas double r\u00e9guli\u00e8rement l&rsquo;actrice Emmanuelle Vaugier<\/p>\n<p>Extraits : Meurtre \u00e0 double face &#8211; Absolute Deception<\/p>\n<p><iframe loading=\"lazy\" title=\"Emmanuelle Vaugier double\u0301e en fran\u00e7ais par Marion Dumas\" width=\"640\" height=\"360\" src=\"https:\/\/www.youtube.com\/embed\/XRCFPo17hD8?feature=oembed\" frameborder=\"0\" allow=\"accelerometer; autoplay; clipboard-write; encrypted-media; gyroscope; picture-in-picture; web-share\" referrerpolicy=\"strict-origin-when-cross-origin\" allowfullscreen><\/iframe><\/p>\n<p>&nbsp;<\/p>\n<p><iframe loading=\"lazy\" title=\"Les doutes de Scarlett  Emmanuelle Vaugier  double\u0301e par Marion Dumas\" width=\"640\" height=\"360\" src=\"https:\/\/www.youtube.com\/embed\/173RndaiTlc?feature=oembed\" frameborder=\"0\" allow=\"accelerometer; autoplay; clipboard-write; encrypted-media; gyroscope; picture-in-picture; web-share\" referrerpolicy=\"strict-origin-when-cross-origin\" allowfullscreen><\/iframe><\/p>\n<p><a href=\"https:\/\/www.facebook.com\/marion.dumascomedienne\/videos\/3765010300269647\">Marion Dumas double Julia chantrey<\/a><\/p>\n<p><a href=\"https:\/\/app.voxingpro.com\/cdn\/storage\/medias\/PRW2DZgE4PQ4E5Hko\/convert\/PRW2DZgE4PQ4E5Hko.mp4?timestamp=1623682183075\">Marion Dumas double Daniela Virgilio dans Romanzo criminal<\/a><\/p>\n<p><a href=\"https:\/\/app.voxingpro.com\/cdn\/storage\/medias\/EYQc6aPes8ih86mSJ\/convert\/EYQc6aPes8ih86mSJ.mp4?timestamp=1623688335613\">MARION DUMAS DOUBLE E.RODRIGUEZ<\/a><\/p>\n<p><a href=\"https:\/\/app.voxingpro.com\/cdn\/storage\/medias\/LanG5iSJzCA2E45Z6\/convert\/LanG5iSJzCA2E45Z6.mp4?timestamp=1623682208666\">Marion Dumas double E.Vaugier dans Un enfant \u00e0 vendre<\/a><\/p>\n<p><a href=\"https:\/\/app.voxingpro.com\/cdn\/storage\/medias\/GzAGfdnApZuWx35JF\/convert\/GzAGfdnApZuWx35JF.mp4?timestamp=1623682229436\">Marion Dumas VF E.Vaugier pour Mon mari cet inconnu<\/a><\/p>\n<!--[if lt IE 9]><script>document.createElement('audio');<\/script><![endif]-->\n\t<div class=\"wp-playlist wp-audio-playlist wp-playlist-light\">\n\t\t\t<div class=\"wp-playlist-current-item\"><\/div>\n\t\t<audio controls=\"controls\" preload=\"none\" width=\"618\"\n\t\t\t><\/audio>\n\t<div class=\"wp-playlist-next\"><\/div>\n\t<div class=\"wp-playlist-prev\"><\/div>\n\t<noscript>\n\t<ol>\n\t\t<li><a href='https:\/\/www.mariondumas.com\/blog\/wp-content\/uploads\/2019\/09\/extraits-pub-radio-marion-dumas.mp3'>Extraits pub radio Marion Dumas !<\/a><\/li>\t<\/ol>\n\t<\/noscript>\n\t<script type=\"application\/json\" class=\"wp-playlist-script\">{\"type\":\"audio\",\"tracklist\":true,\"tracknumbers\":true,\"images\":true,\"artists\":true,\"tracks\":[{\"src\":\"https:\\\/\\\/www.mariondumas.com\\\/blog\\\/wp-content\\\/uploads\\\/2019\\\/09\\\/extraits-pub-radio-marion-dumas.mp3\",\"type\":\"audio\\\/mpeg\",\"title\":\"Extraits pub radio Marion Dumas !\",\"caption\":\"\",\"description\":\"<i>Extraits pub radio Marion Dumas !<\\\/i> par Marion Dumas. Date de sortie&nbsp;: 2012.\",\"meta\":{\"artist\":\"Marion Dumas\",\"year\":\"2012\",\"length_formatted\":\"1:22\"},\"image\":{\"src\":\"https:\\\/\\\/www.mariondumas.com\\\/blog\\\/wp-includes\\\/images\\\/media\\\/audio.svg\",\"width\":48,\"height\":64},\"thumb\":{\"src\":\"https:\\\/\\\/www.mariondumas.com\\\/blog\\\/wp-includes\\\/images\\\/media\\\/audio.svg\",\"width\":48,\"height\":64}}]}<\/script>\n<\/div>\n\t\n<p>Les pubs radio :<\/p>\n<div class=\"wp-playlist wp-audio-playlist wp-playlist-light\">\n\t\t\t<div class=\"wp-playlist-current-item\"><\/div>\n\t\t<audio controls=\"controls\" preload=\"none\" width=\"618\"\n\t\t\t><\/audio>\n\t<div class=\"wp-playlist-next\"><\/div>\n\t<div class=\"wp-playlist-prev\"><\/div>\n\t<noscript>\n\t<ol>\n\t\t<li><a href='https:\/\/www.mariondumas.com\/blog\/wp-content\/uploads\/2009\/04\/tps.mp3'>tps<\/a><\/li>\t<\/ol>\n\t<\/noscript>\n\t<script type=\"application\/json\" class=\"wp-playlist-script\">{\"type\":\"audio\",\"tracklist\":true,\"tracknumbers\":true,\"images\":true,\"artists\":true,\"tracks\":[{\"src\":\"https:\\\/\\\/www.mariondumas.com\\\/blog\\\/wp-content\\\/uploads\\\/2009\\\/04\\\/tps.mp3\",\"type\":\"audio\\\/mpeg\",\"title\":\"tps\",\"caption\":\"\",\"description\":\"\",\"meta\":[],\"image\":{\"src\":\"https:\\\/\\\/www.mariondumas.com\\\/blog\\\/wp-includes\\\/images\\\/media\\\/audio.svg\",\"width\":48,\"height\":64},\"thumb\":{\"src\":\"https:\\\/\\\/www.mariondumas.com\\\/blog\\\/wp-includes\\\/images\\\/media\\\/audio.svg\",\"width\":48,\"height\":64}}]}<\/script>\n<\/div>\n\t\n<div class=\"wp-playlist wp-audio-playlist wp-playlist-light\">\n\t\t\t<div class=\"wp-playlist-current-item\"><\/div>\n\t\t<audio controls=\"controls\" preload=\"none\" width=\"618\"\n\t\t\t><\/audio>\n\t<div class=\"wp-playlist-next\"><\/div>\n\t<div class=\"wp-playlist-prev\"><\/div>\n\t<noscript>\n\t<ol>\n\t\t<li><a href='https:\/\/www.mariondumas.com\/blog\/wp-content\/uploads\/2009\/04\/theisland.mp3'>theisland<\/a><\/li>\t<\/ol>\n\t<\/noscript>\n\t<script type=\"application\/json\" class=\"wp-playlist-script\">{\"type\":\"audio\",\"tracklist\":true,\"tracknumbers\":true,\"images\":true,\"artists\":true,\"tracks\":[{\"src\":\"https:\\\/\\\/www.mariondumas.com\\\/blog\\\/wp-content\\\/uploads\\\/2009\\\/04\\\/theisland.mp3\",\"type\":\"audio\\\/mpeg\",\"title\":\"theisland\",\"caption\":\"\",\"description\":\"\",\"meta\":[],\"image\":{\"src\":\"https:\\\/\\\/www.mariondumas.com\\\/blog\\\/wp-includes\\\/images\\\/media\\\/audio.svg\",\"width\":48,\"height\":64},\"thumb\":{\"src\":\"https:\\\/\\\/www.mariondumas.com\\\/blog\\\/wp-includes\\\/images\\\/media\\\/audio.svg\",\"width\":48,\"height\":64}}]}<\/script>\n<\/div>\n\t\n<div class=\"wp-playlist wp-audio-playlist wp-playlist-light\">\n\t\t\t<div class=\"wp-playlist-current-item\"><\/div>\n\t\t<audio controls=\"controls\" preload=\"none\" width=\"618\"\n\t\t\t><\/audio>\n\t<div class=\"wp-playlist-next\"><\/div>\n\t<div class=\"wp-playlist-prev\"><\/div>\n\t<noscript>\n\t<ol>\n\t\t<li><a href='https:\/\/www.mariondumas.com\/blog\/wp-content\/uploads\/2009\/04\/mariage.mp3'>mariage<\/a><\/li>\t<\/ol>\n\t<\/noscript>\n\t<script type=\"application\/json\" class=\"wp-playlist-script\">{\"type\":\"audio\",\"tracklist\":true,\"tracknumbers\":true,\"images\":true,\"artists\":true,\"tracks\":[{\"src\":\"https:\\\/\\\/www.mariondumas.com\\\/blog\\\/wp-content\\\/uploads\\\/2009\\\/04\\\/mariage.mp3\",\"type\":\"audio\\\/mpeg\",\"title\":\"mariage\",\"caption\":\"\",\"description\":\"\",\"meta\":[],\"image\":{\"src\":\"https:\\\/\\\/www.mariondumas.com\\\/blog\\\/wp-includes\\\/images\\\/media\\\/audio.svg\",\"width\":48,\"height\":64},\"thumb\":{\"src\":\"https:\\\/\\\/www.mariondumas.com\\\/blog\\\/wp-includes\\\/images\\\/media\\\/audio.svg\",\"width\":48,\"height\":64}}]}<\/script>\n<\/div>\n\t\n<div class=\"wp-playlist wp-audio-playlist wp-playlist-light\">\n\t\t\t<div class=\"wp-playlist-current-item\"><\/div>\n\t\t<audio controls=\"controls\" preload=\"none\" width=\"618\"\n\t\t\t><\/audio>\n\t<div class=\"wp-playlist-next\"><\/div>\n\t<div class=\"wp-playlist-prev\"><\/div>\n\t<noscript>\n\t<ol>\n\t\t<li><a href='https:\/\/www.mariondumas.com\/blog\/wp-content\/uploads\/2009\/04\/parfum.mp3'>parfum<\/a><\/li>\t<\/ol>\n\t<\/noscript>\n\t<script type=\"application\/json\" class=\"wp-playlist-script\">{\"type\":\"audio\",\"tracklist\":true,\"tracknumbers\":true,\"images\":true,\"artists\":true,\"tracks\":[{\"src\":\"https:\\\/\\\/www.mariondumas.com\\\/blog\\\/wp-content\\\/uploads\\\/2009\\\/04\\\/parfum.mp3\",\"type\":\"audio\\\/mpeg\",\"title\":\"parfum\",\"caption\":\"\",\"description\":\"\",\"meta\":[],\"image\":{\"src\":\"https:\\\/\\\/www.mariondumas.com\\\/blog\\\/wp-includes\\\/images\\\/media\\\/audio.svg\",\"width\":48,\"height\":64},\"thumb\":{\"src\":\"https:\\\/\\\/www.mariondumas.com\\\/blog\\\/wp-includes\\\/images\\\/media\\\/audio.svg\",\"width\":48,\"height\":64}}]}<\/script>\n<\/div>\n\t\n<div class=\"wp-playlist wp-audio-playlist wp-playlist-light\">\n\t\t\t<div class=\"wp-playlist-current-item\"><\/div>\n\t\t<audio controls=\"controls\" preload=\"none\" width=\"618\"\n\t\t\t><\/audio>\n\t<div class=\"wp-playlist-next\"><\/div>\n\t<div class=\"wp-playlist-prev\"><\/div>\n\t<noscript>\n\t<ol>\n\t\t<li><a href='https:\/\/www.mariondumas.com\/blog\/wp-content\/uploads\/2009\/04\/fnac.mp3'>fnac<\/a><\/li>\t<\/ol>\n\t<\/noscript>\n\t<script type=\"application\/json\" class=\"wp-playlist-script\">{\"type\":\"audio\",\"tracklist\":true,\"tracknumbers\":true,\"images\":true,\"artists\":true,\"tracks\":[{\"src\":\"https:\\\/\\\/www.mariondumas.com\\\/blog\\\/wp-content\\\/uploads\\\/2009\\\/04\\\/fnac.mp3\",\"type\":\"audio\\\/mpeg\",\"title\":\"fnac\",\"caption\":\"\",\"description\":\"\",\"meta\":[],\"image\":{\"src\":\"https:\\\/\\\/www.mariondumas.com\\\/blog\\\/wp-includes\\\/images\\\/media\\\/audio.svg\",\"width\":48,\"height\":64},\"thumb\":{\"src\":\"https:\\\/\\\/www.mariondumas.com\\\/blog\\\/wp-includes\\\/images\\\/media\\\/audio.svg\",\"width\":48,\"height\":64}}]}<\/script>\n<\/div>\n\t\n<div class=\"wp-playlist wp-audio-playlist wp-playlist-light\">\n\t\t\t<div class=\"wp-playlist-current-item\"><\/div>\n\t\t<audio controls=\"controls\" preload=\"none\" width=\"618\"\n\t\t\t><\/audio>\n\t<div class=\"wp-playlist-next\"><\/div>\n\t<div class=\"wp-playlist-prev\"><\/div>\n\t<noscript>\n\t<ol>\n\t\t<li><a href='https:\/\/www.mariondumas.com\/blog\/wp-content\/uploads\/2009\/04\/citroen.mp3'>citroen<\/a><\/li>\t<\/ol>\n\t<\/noscript>\n\t<script type=\"application\/json\" class=\"wp-playlist-script\">{\"type\":\"audio\",\"tracklist\":true,\"tracknumbers\":true,\"images\":true,\"artists\":true,\"tracks\":[{\"src\":\"https:\\\/\\\/www.mariondumas.com\\\/blog\\\/wp-content\\\/uploads\\\/2009\\\/04\\\/citroen.mp3\",\"type\":\"audio\\\/mpeg\",\"title\":\"citroen\",\"caption\":\"\",\"description\":\"\",\"meta\":[],\"image\":{\"src\":\"https:\\\/\\\/www.mariondumas.com\\\/blog\\\/wp-includes\\\/images\\\/media\\\/audio.svg\",\"width\":48,\"height\":64},\"thumb\":{\"src\":\"https:\\\/\\\/www.mariondumas.com\\\/blog\\\/wp-includes\\\/images\\\/media\\\/audio.svg\",\"width\":48,\"height\":64}}]}<\/script>\n<\/div>\n\t\n<div class=\"wp-playlist wp-audio-playlist wp-playlist-light\">\n\t\t\t<div class=\"wp-playlist-current-item\"><\/div>\n\t\t<audio controls=\"controls\" preload=\"none\" width=\"618\"\n\t\t\t><\/audio>\n\t<div class=\"wp-playlist-next\"><\/div>\n\t<div class=\"wp-playlist-prev\"><\/div>\n\t<noscript>\n\t<ol>\n\t\t<li><a href='https:\/\/www.mariondumas.com\/blog\/wp-content\/uploads\/2009\/04\/numericable.mp3'>numericable<\/a><\/li><li><a href='https:\/\/www.mariondumas.com\/blog\/wp-content\/uploads\/2009\/04\/numericable1.mp3'>numericable1<\/a><\/li>\t<\/ol>\n\t<\/noscript>\n\t<script type=\"application\/json\" class=\"wp-playlist-script\">{\"type\":\"audio\",\"tracklist\":true,\"tracknumbers\":true,\"images\":true,\"artists\":true,\"tracks\":[{\"src\":\"https:\\\/\\\/www.mariondumas.com\\\/blog\\\/wp-content\\\/uploads\\\/2009\\\/04\\\/numericable.mp3\",\"type\":\"audio\\\/mpeg\",\"title\":\"numericable\",\"caption\":\"\",\"description\":\"\",\"meta\":[],\"image\":{\"src\":\"https:\\\/\\\/www.mariondumas.com\\\/blog\\\/wp-includes\\\/images\\\/media\\\/audio.svg\",\"width\":48,\"height\":64},\"thumb\":{\"src\":\"https:\\\/\\\/www.mariondumas.com\\\/blog\\\/wp-includes\\\/images\\\/media\\\/audio.svg\",\"width\":48,\"height\":64}},{\"src\":\"https:\\\/\\\/www.mariondumas.com\\\/blog\\\/wp-content\\\/uploads\\\/2009\\\/04\\\/numericable1.mp3\",\"type\":\"audio\\\/mpeg\",\"title\":\"numericable1\",\"caption\":\"\",\"description\":\"\",\"meta\":[],\"image\":{\"src\":\"https:\\\/\\\/www.mariondumas.com\\\/blog\\\/wp-includes\\\/images\\\/media\\\/audio.svg\",\"width\":48,\"height\":64},\"thumb\":{\"src\":\"https:\\\/\\\/www.mariondumas.com\\\/blog\\\/wp-includes\\\/images\\\/media\\\/audio.svg\",\"width\":48,\"height\":64}}]}<\/script>\n<\/div>\n\t\n<p>&nbsp;<\/p>\n","protected":false},"excerpt":{"rendered":"<p>VOIX OFF &#8211; Doublage Cela fait 20 ans que j&rsquo;ai le bonheur de travailler avec ma voix. Voici qq extrait de doublage et de publicit\u00e9s radio. Vous pouvez en savoir plus , en visitant ma page pro\u00a0 https:\/\/www.voxingpro.com\/marion-dumas\u00a0 Bande d\u00e9mo doublage :\u00a0https:\/\/vimeo.com\/422830005 Marion Dumas double r\u00e9guli\u00e8rement l&rsquo;actrice Emmanuelle Vaugier Extraits : Meurtre \u00e0 double face<\/p>\n<div class=\"more-link\">\n             <a href=\"https:\/\/www.mariondumas.com\/blog\/voix-off\/\" class=\"theme-btn\"><span>Continue Reading <\/span><i class=\"bi bi-arrow-right\"><\/i><\/a>\n        <\/div>\n","protected":false},"author":2,"featured_media":0,"parent":0,"menu_order":3,"comment_status":"closed","ping_status":"closed","template":"","meta":{"footnotes":""},"class_list":["post-1303","page","type-page","status-publish","hentry"],"_links":{"self":[{"href":"https:\/\/www.mariondumas.com\/blog\/wp-json\/wp\/v2\/pages\/1303","targetHints":{"allow":["GET"]}}],"collection":[{"href":"https:\/\/www.mariondumas.com\/blog\/wp-json\/wp\/v2\/pages"}],"about":[{"href":"https:\/\/www.mariondumas.com\/blog\/wp-json\/wp\/v2\/types\/page"}],"author":[{"embeddable":true,"href":"https:\/\/www.mariondumas.com\/blog\/wp-json\/wp\/v2\/users\/2"}],"replies":[{"embeddable":true,"href":"https:\/\/www.mariondumas.com\/blog\/wp-json\/wp\/v2\/comments?post=1303"}],"version-history":[{"count":1,"href":"https:\/\/www.mariondumas.com\/blog\/wp-json\/wp\/v2\/pages\/1303\/revisions"}],"predecessor-version":[{"id":2072,"href":"https:\/\/www.mariondumas.com\/blog\/wp-json\/wp\/v2\/pages\/1303\/revisions\/2072"}],"wp:attachment":[{"href":"https:\/\/www.mariondumas.com\/blog\/wp-json\/wp\/v2\/media?parent=1303"}],"curies":[{"name":"wp","href":"https:\/\/api.w.org\/{rel}","templated":true}]}}