{"id":1508,"date":"2020-12-15T20:50:36","date_gmt":"2020-12-15T18:50:36","guid":{"rendered":"https:\/\/www.mariondumas.com\/blog\/?page_id=1508"},"modified":"2025-11-20T13:33:29","modified_gmt":"2025-11-20T11:33:29","slug":"livre-les-jeux-entre-amoureux","status":"publish","type":"page","link":"https:\/\/www.mariondumas.com\/blog\/livre-les-jeux-entre-amoureux\/","title":{"rendered":"LIVRE : LES JEUX ENTRE AMOUREUX"},"content":{"rendered":"<h1>Les jeux entre amoureux : un livre de Marion Dumas<\/h1>\n<p><span class=\"texte_courant\">Vous voulez apporter un grain de folie \u00e0 votre couple ? Susciter le d\u00e9sir ? Pour cela, rien de mieux que de s\u2019amuser un peu pour bannir la routine ! Dans ce petit guide tr\u00e8s coquin, d\u00e9couvrez vite de nombreuses id\u00e9es pour \u00e9gayer, pimenter et \u00e9rotiser votre quotidien. Laissez-vous tenter par ces divertissements et piochez-en au gr\u00e9 de vos envies !<\/span><\/p>\n<p><strong>Au programme notamment :<\/strong><\/p>\n<ul>\n<li>Jeux de r\u00f4les divins : soubrette, escort boy\u2026 amusez-vous pour un soir \u00e0 changer d\u2019identit\u00e9 et \u00e0 titiller tous vos fantasmes gr\u00e2ce \u00e0 de nombreux petits sc\u00e9narios.<\/li>\n<li>Jeux de soci\u00e9t\u00e9 c\u00e2lins : jeux de cartes, jeux de d\u00e9s, strip-poker endiabl\u00e9\u2026 des jeux vraiment pas pour les enfants !<\/li>\n<li>Jeux saint-valentin : des id\u00e9es libertines pour passer une journ\u00e9e follement sensuelle.<\/li>\n<\/ul>\n<p><em>Et en prime des petits encadr\u00e9s pratiques :<\/em> les dessous sexy \u00e0 avoir chez soi, des id\u00e9es cadeaux, des positions coquines pour casser la routine, les meilleures huiles de massage\u2026<\/p>\n<p><a href=\"https:\/\/www.mariondumas.com\/blog\/wp-content\/uploads\/2020\/12\/livre-les-jeux.jpg\" data-rel=\"lightbox-gallery-hVYmfQC9\" data-magnific_type=\"image\" data-rl_title=\"livre les jeux\" data-rl_caption=\"livre les jeux\" title=\"livre les jeux\"><img loading=\"lazy\" decoding=\"async\" class=\"alignnone wp-image-1436 size-medium\" src=\"https:\/\/www.mariondumas.com\/blog\/wp-content\/uploads\/2020\/12\/livre-les-jeux-350x233.jpg\" alt=\"\" width=\"350\" height=\"233\" srcset=\"https:\/\/www.mariondumas.com\/blog\/wp-content\/uploads\/2020\/12\/livre-les-jeux-350x233.jpg 350w, https:\/\/www.mariondumas.com\/blog\/wp-content\/uploads\/2020\/12\/livre-les-jeux-800x533.jpg 800w, https:\/\/www.mariondumas.com\/blog\/wp-content\/uploads\/2020\/12\/livre-les-jeux-768x512.jpg 768w, https:\/\/www.mariondumas.com\/blog\/wp-content\/uploads\/2020\/12\/livre-les-jeux-1536x1024.jpg 1536w, https:\/\/www.mariondumas.com\/blog\/wp-content\/uploads\/2020\/12\/livre-les-jeux.jpg 2048w\" sizes=\"auto, (max-width: 350px) 100vw, 350px\" \/><\/a><a href=\"https:\/\/www.mariondumas.com\/blog\/wp-content\/uploads\/2020\/12\/M02848995947-large.jpg\" data-rel=\"lightbox-gallery-hVYmfQC9\" data-magnific_type=\"image\" data-rl_title=\"M02848995947-large\" data-rl_caption=\"M02848995947-large\" title=\"M02848995947-large\"><img loading=\"lazy\" decoding=\"async\" class=\"alignnone wp-image-1511 size-medium\" src=\"https:\/\/www.mariondumas.com\/blog\/wp-content\/uploads\/2020\/12\/M02848995947-large-217x350.jpg\" alt=\"\" width=\"217\" height=\"350\" srcset=\"https:\/\/www.mariondumas.com\/blog\/wp-content\/uploads\/2020\/12\/M02848995947-large-217x350.jpg 217w, https:\/\/www.mariondumas.com\/blog\/wp-content\/uploads\/2020\/12\/M02848995947-large.jpg 220w\" sizes=\"auto, (max-width: 217px) 100vw, 217px\" \/><\/a><\/p>\n","protected":false},"excerpt":{"rendered":"<p>Les jeux entre amoureux : un livre de Marion Dumas Vous voulez apporter un grain de folie \u00e0 votre couple ? Susciter le d\u00e9sir ? Pour cela, rien de mieux que de s\u2019amuser un peu pour bannir la routine ! Dans ce petit guide tr\u00e8s coquin, d\u00e9couvrez vite de nombreuses id\u00e9es pour \u00e9gayer, pimenter et<\/p>\n<div class=\"more-link\">\n             <a href=\"https:\/\/www.mariondumas.com\/blog\/livre-les-jeux-entre-amoureux\/\" class=\"theme-btn\"><span>Continue Reading <\/span><i class=\"bi bi-arrow-right\"><\/i><\/a>\n        <\/div>\n","protected":false},"author":2,"featured_media":0,"parent":0,"menu_order":9,"comment_status":"closed","ping_status":"closed","template":"","meta":{"footnotes":""},"class_list":["post-1508","page","type-page","status-publish","hentry"],"_links":{"self":[{"href":"https:\/\/www.mariondumas.com\/blog\/wp-json\/wp\/v2\/pages\/1508","targetHints":{"allow":["GET"]}}],"collection":[{"href":"https:\/\/www.mariondumas.com\/blog\/wp-json\/wp\/v2\/pages"}],"about":[{"href":"https:\/\/www.mariondumas.com\/blog\/wp-json\/wp\/v2\/types\/page"}],"author":[{"embeddable":true,"href":"https:\/\/www.mariondumas.com\/blog\/wp-json\/wp\/v2\/users\/2"}],"replies":[{"embeddable":true,"href":"https:\/\/www.mariondumas.com\/blog\/wp-json\/wp\/v2\/comments?post=1508"}],"version-history":[{"count":0,"href":"https:\/\/www.mariondumas.com\/blog\/wp-json\/wp\/v2\/pages\/1508\/revisions"}],"wp:attachment":[{"href":"https:\/\/www.mariondumas.com\/blog\/wp-json\/wp\/v2\/media?parent=1508"}],"curies":[{"name":"wp","href":"https:\/\/api.w.org\/{rel}","templated":true}]}}