{"id":1665,"date":"2020-12-19T19:57:11","date_gmt":"2020-12-19T17:57:11","guid":{"rendered":"https:\/\/www.mariondumas.com\/blog\/?page_id=1665"},"modified":"2025-11-20T13:33:10","modified_gmt":"2025-11-20T11:33:10","slug":"a-ciel-ouvert-2","status":"publish","type":"page","link":"https:\/\/www.mariondumas.com\/blog\/a-ciel-ouvert-2\/","title":{"rendered":"A Ciel Ouvert"},"content":{"rendered":"<h6>A CIEL OUVERT &#8211;<\/h6>\n<h6>Ils se sont aim\u00e9s, se sont quitt\u00e9s, sont rest\u00e9s amis. Du moins le pensent-ils&#8230;<\/h6>\n<h6>Isabelle, bourgeoise provinciale par erreur (quoique&#8230;), et Antoine, journaliste ch\u00e9ri des m\u00e9dias, finissent au fin fond de la campagne bordelaise une soir\u00e9e arros\u00e9e sous les \u00e9toiles.<br \/>\nAvec pour seule ombre celle du mari d&rsquo;Isabelle, \u00e9ternel absent&#8230; Ils ont la quarantaine, se souviennent, se racontent, s&rsquo;interrogent, se (re)d\u00e9couvrent.<br \/>\nC&rsquo;est l&rsquo;\u00e2ge dit-on&#8230; Peu \u00e0 peu, ce qui paraissait si lisse se l\u00e9zarde. Les non-dits et les secrets filent plus vite que les \u00e9toiles. Ils rient, mais sont-ils gais ? Ils pleurent, mais sont-ils tristes ? Et s&rsquo;ils pensaient tout simplement \u00e0 vivre ? Ce sera peut-\u00eatre, au final, le plus difficile.<\/h6>\n<div><em>\u00a0Une pi\u00e8ce de Philippe Nosterdame<\/em><\/div>\n<div>\n<div class=\"rl-gallery-container \" id=\"rl-gallery-container-1\" data-gallery_id=\"0\"> <div class=\"rl-gallery rl-basicmasonry-gallery \" id=\"rl-gallery-1\" data-gallery_no=\"1\"> <div class=\"rl-gutter-sizer\"><\/div><div class=\"rl-grid-sizer\"><\/div> <div class=\"rl-gallery-item rl-gallery-item-width-4\" > <div class=\"rl-gallery-item-content\"> <a href=\"https:\/\/www.mariondumas.com\/blog\/wp-content\/uploads\/2020\/12\/a-ciel-ouvert.jpg\" title=\"\" data-rl_title=\"\" class=\"rl-gallery-link\" data-rl_caption=\"A Ciel Ouvert\" data-rel=\"lightbox-gallery-1\" data-magnific_type=\"gallery\"><img loading=\"lazy\" decoding=\"async\" src=\"https:\/\/www.mariondumas.com\/blog\/wp-content\/uploads\/2020\/12\/a-ciel-ouvert-247x350.jpg\" width=\"247\" height=\"350\" alt=\"\"\/><span class=\"rl-gallery-caption\"><span class=\"rl-gallery-item-caption\">A Ciel Ouvert<\/span><\/span><\/a> <\/div> <\/div> <\/div> <\/div>\n<\/div>\n","protected":false},"excerpt":{"rendered":"<p>A CIEL OUVERT &#8211; Ils se sont aim\u00e9s, se sont quitt\u00e9s, sont rest\u00e9s amis. Du moins le pensent-ils&#8230; Isabelle, bourgeoise provinciale par erreur (quoique&#8230;), et Antoine, journaliste ch\u00e9ri des m\u00e9dias, finissent au fin fond de la campagne bordelaise une soir\u00e9e arros\u00e9e sous les \u00e9toiles. Avec pour seule ombre celle du mari d&rsquo;Isabelle, \u00e9ternel absent&#8230; Ils<\/p>\n<div class=\"more-link\">\n             <a href=\"https:\/\/www.mariondumas.com\/blog\/a-ciel-ouvert-2\/\" class=\"theme-btn\"><span>Continue Reading <\/span><i class=\"bi bi-arrow-right\"><\/i><\/a>\n        <\/div>\n","protected":false},"author":2,"featured_media":0,"parent":0,"menu_order":8,"comment_status":"closed","ping_status":"closed","template":"","meta":{"footnotes":""},"class_list":["post-1665","page","type-page","status-publish","hentry"],"_links":{"self":[{"href":"https:\/\/www.mariondumas.com\/blog\/wp-json\/wp\/v2\/pages\/1665","targetHints":{"allow":["GET"]}}],"collection":[{"href":"https:\/\/www.mariondumas.com\/blog\/wp-json\/wp\/v2\/pages"}],"about":[{"href":"https:\/\/www.mariondumas.com\/blog\/wp-json\/wp\/v2\/types\/page"}],"author":[{"embeddable":true,"href":"https:\/\/www.mariondumas.com\/blog\/wp-json\/wp\/v2\/users\/2"}],"replies":[{"embeddable":true,"href":"https:\/\/www.mariondumas.com\/blog\/wp-json\/wp\/v2\/comments?post=1665"}],"version-history":[{"count":0,"href":"https:\/\/www.mariondumas.com\/blog\/wp-json\/wp\/v2\/pages\/1665\/revisions"}],"wp:attachment":[{"href":"https:\/\/www.mariondumas.com\/blog\/wp-json\/wp\/v2\/media?parent=1665"}],"curies":[{"name":"wp","href":"https:\/\/api.w.org\/{rel}","templated":true}]}}