{"id":24,"date":"2009-04-22T12:17:19","date_gmt":"2009-04-22T10:17:19","guid":{"rendered":"http:\/\/www.mariondumas.com\/blog\/?page_id=24"},"modified":"2025-12-02T18:39:21","modified_gmt":"2025-12-02T16:39:21","slug":"bio","status":"publish","type":"page","link":"https:\/\/www.mariondumas.com\/blog\/","title":{"rendered":"Bio"},"content":{"rendered":"<p data-start=\"640\" data-end=\"1253\">Avec plus de 30 ans d\u2019exp\u00e9rience sur les sc\u00e8nes fran\u00e7aises et internationales, Marion Dumas s\u2019est construite une carri\u00e8re riche et polyvalente. Si elle est dipl\u00f4m\u00e9e du Cours Florent, l\u2019essentiel de sa formation s\u2019est fait ailleurs : d\u00e8s son plus jeune \u00e2ge dans diverses \u00e9coles d\u2019arts dramatiques, puis \u00e0 travers de nombreux coachings, et surtout sur le terrain, aupr\u00e8s de grands noms comme Francis Perrin, Jean-Claude Brialy et plusieurs figures majeures de la profession rencontr\u00e9es \u00e0 ses d\u00e9buts. Cet apprentissage vivant, transmission directe d\u2019une g\u00e9n\u00e9ration d\u2019artistes aguerris, a fa\u00e7onn\u00e9 son approche du jeu.<\/p>\n<p data-start=\"1255\" data-end=\"1672\">Sa carri\u00e8re th\u00e9\u00e2trale couvre le r\u00e9pertoire classique (Moli\u00e8re), le contemporain (Guitry), la com\u00e9die, le musical (<em data-start=\"1369\" data-end=\"1377\">Grease<\/em>) et le seul-en-sc\u00e8ne. Elle s\u2019est produite dans des lieux parisiens\u00a0 embl\u00e9matiques comme l\u2019Op\u00e9ra Comique, les Bouffes Parisiens, Edouard VII et particip\u00e9 \u00e0 des tourn\u00e9es nationales et internationales (Gr\u00e8ce, Maroc, Tunisie) ainsi qu\u2019\u00e0 des festivals tels qu\u2019Avignon- Ramatuelle- Anjou&#8230;<\/p>\n<p data-start=\"1674\" data-end=\"2015\">\u00c0 l\u2019\u00e9cran, elle a tourn\u00e9 pour Jean-Pierre Mocky, G\u00e9rard Jugnot ou Laurent Firode, et appara\u00eet dans des fictions populaires comme <em data-start=\"1803\" data-end=\"1822\">Plus belle la vie<\/em> ou <em data-start=\"1826\" data-end=\"1848\">Section de recherche<\/em>. Son r\u00f4le dans <em data-start=\"1864\" data-end=\"1884\">La Clef des songes<\/em> lui vaut le Marius de la Meilleure Actrice. Depuis plus de vingt ans, elle pr\u00eate \u00e9galement sa voix \u00e0 l\u2019actrice Emmanuelle Vaugier.<\/p>\n<p data-start=\"2017\" data-end=\"2187\">Autrice, Marion a publi\u00e9 deux livres et cr\u00e9\u00e9 plusieurs One Woman Shows ainsi qu&rsquo;une com\u00e9die de moeurs jou\u00e9s \u00e0 Paris et en tourn\u00e9e. Le travail d\u2019\u00e9criture enrichit sa compr\u00e9hension de la sc\u00e8ne et du jeu.<\/p>\n<p data-start=\"2189\" data-end=\"2470\">Attach\u00e9e \u00e0 la transmission, elle accompagne acteurs professionnels, semi-pros, d\u00e9butants et cascadeurs, ainsi que dirigeants, personnalit\u00e9s politiques et \u00e9tudiants (notamment \u00e0 HEC pour l\u2019\u00e9loquence). Marion met au service de chacun une expertise pr\u00e9cise, patiente et bienveillante.<\/p>\n<p data-start=\"2472\" data-end=\"2630\">Son parcours t\u00e9moigne d\u2019une passion authentique, d\u2019une grande exigence artistique et d\u2019une v\u00e9ritable capacit\u00e9 \u00e0 collaborer dans la confiance et la cr\u00e9ativit\u00e9.<\/p>\n<p data-start=\"2472\" data-end=\"2630\">Marion est repr\u00e9sent\u00e9e par l&rsquo;agent artistique <a href=\"https:\/\/www.talentsdart.fr\/artiste.cfm\/780919_115_1-marion_dumas.html\">Sabine Desternes- Talents d&rsquo;Art\u00a0<\/a><\/p>\n","protected":false},"excerpt":{"rendered":"<p>Avec plus de 30 ans d\u2019exp\u00e9rience sur les sc\u00e8nes fran\u00e7aises et internationales, Marion Dumas s\u2019est construite une carri\u00e8re riche et polyvalente. Si elle est dipl\u00f4m\u00e9e du Cours Florent, l\u2019essentiel de sa formation s\u2019est fait ailleurs : d\u00e8s son plus jeune \u00e2ge dans diverses \u00e9coles d\u2019arts dramatiques, puis \u00e0 travers de nombreux coachings, et surtout sur<\/p>\n<div class=\"more-link\">\n             <a href=\"https:\/\/www.mariondumas.com\/blog\/\" class=\"theme-btn\"><span>Continue Reading <\/span><i class=\"bi bi-arrow-right\"><\/i><\/a>\n        <\/div>\n","protected":false},"author":2,"featured_media":0,"parent":0,"menu_order":1,"comment_status":"closed","ping_status":"open","template":"","meta":{"footnotes":""},"class_list":["post-24","page","type-page","status-publish","hentry"],"_links":{"self":[{"href":"https:\/\/www.mariondumas.com\/blog\/wp-json\/wp\/v2\/pages\/24","targetHints":{"allow":["GET"]}}],"collection":[{"href":"https:\/\/www.mariondumas.com\/blog\/wp-json\/wp\/v2\/pages"}],"about":[{"href":"https:\/\/www.mariondumas.com\/blog\/wp-json\/wp\/v2\/types\/page"}],"author":[{"embeddable":true,"href":"https:\/\/www.mariondumas.com\/blog\/wp-json\/wp\/v2\/users\/2"}],"replies":[{"embeddable":true,"href":"https:\/\/www.mariondumas.com\/blog\/wp-json\/wp\/v2\/comments?post=24"}],"version-history":[{"count":7,"href":"https:\/\/www.mariondumas.com\/blog\/wp-json\/wp\/v2\/pages\/24\/revisions"}],"predecessor-version":[{"id":2102,"href":"https:\/\/www.mariondumas.com\/blog\/wp-json\/wp\/v2\/pages\/24\/revisions\/2102"}],"wp:attachment":[{"href":"https:\/\/www.mariondumas.com\/blog\/wp-json\/wp\/v2\/media?parent=24"}],"curies":[{"name":"wp","href":"https:\/\/api.w.org\/{rel}","templated":true}]}}