{"id":36,"date":"2009-04-22T12:42:09","date_gmt":"2009-04-22T10:42:09","guid":{"rendered":"http:\/\/www.mariondumas.com\/blog\/?page_id=36"},"modified":"2025-11-20T14:52:10","modified_gmt":"2025-11-20T12:52:10","slug":"photos-modele","status":"publish","type":"page","link":"https:\/\/www.mariondumas.com\/blog\/photos-modele\/","title":{"rendered":"Photos mod\u00e8le"},"content":{"rendered":"<div class=\"rl-gallery-container \" id=\"rl-gallery-container-1\" data-gallery_id=\"0\"> <div class=\"rl-gallery rl-basicmasonry-gallery \" id=\"rl-gallery-1\" data-gallery_no=\"1\"> <div class=\"rl-gutter-sizer\"><\/div><div class=\"rl-grid-sizer\"><\/div> <div class=\"rl-gallery-item rl-gallery-item-width-4\" > <div class=\"rl-gallery-item-content\"> <a href=\"https:\/\/www.mariondumas.com\/blog\/wp-content\/uploads\/2021\/06\/67D56430-CB42-4C54-AF3B-287F67DFC55D.jpeg\" title=\"\" data-rl_title=\"\" class=\"rl-gallery-link\" data-rl_caption=\"Paco Rabanne collection \u00e9t\u00e9 2021\" data-rel=\"lightbox-gallery-1\" data-magnific_type=\"gallery\"><img loading=\"lazy\" decoding=\"async\" src=\"https:\/\/www.mariondumas.com\/blog\/wp-content\/uploads\/2021\/06\/67D56430-CB42-4C54-AF3B-287F67DFC55D-694x800.jpeg\" width=\"640\" height=\"738\" alt=\"\"\/><span class=\"rl-gallery-caption\"><span class=\"rl-gallery-item-caption\">Paco Rabanne collection \u00e9t\u00e9 2021<\/span><\/span><\/a> <\/div> <\/div> <div class=\"rl-gallery-item\" > <div class=\"rl-gallery-item-content\"> <a href=\"https:\/\/www.mariondumas.com\/blog\/wp-content\/uploads\/2021\/06\/70904462-593F-47F8-9545-A3E52FCF4465.jpeg\" title=\"\" data-rl_title=\"\" class=\"rl-gallery-link\" data-rl_caption=\"Paco Rabanne collection \u00e9t\u00e9 2021\" data-rel=\"lightbox-gallery-1\" data-magnific_type=\"gallery\"><img loading=\"lazy\" decoding=\"async\" src=\"https:\/\/www.mariondumas.com\/blog\/wp-content\/uploads\/2021\/06\/70904462-593F-47F8-9545-A3E52FCF4465-800x601.jpeg\" width=\"640\" height=\"481\" alt=\"\"\/><span class=\"rl-gallery-caption\"><span class=\"rl-gallery-item-caption\">Paco Rabanne collection \u00e9t\u00e9 2021<\/span><\/span><\/a> <\/div> <\/div> <div class=\"rl-gallery-item\" > <div class=\"rl-gallery-item-content\"> <a href=\"https:\/\/www.mariondumas.com\/blog\/wp-content\/uploads\/2021\/06\/86190394-0CB5-47A2-B222-9C336EE03866.jpeg\" title=\"\" data-rl_title=\"\" class=\"rl-gallery-link\" data-rl_caption=\"Paco Rabanne collection \u00e9t\u00e9 2021\" data-rel=\"lightbox-gallery-1\" data-magnific_type=\"gallery\"><img loading=\"lazy\" decoding=\"async\" src=\"https:\/\/www.mariondumas.com\/blog\/wp-content\/uploads\/2021\/06\/86190394-0CB5-47A2-B222-9C336EE03866-640x800.jpeg\" width=\"640\" height=\"800\" alt=\"\"\/><span class=\"rl-gallery-caption\"><span class=\"rl-gallery-item-caption\">Paco Rabanne collection \u00e9t\u00e9 2021<\/span><\/span><\/a> <\/div> <\/div> <div class=\"rl-gallery-item\" > <div class=\"rl-gallery-item-content\"> <a href=\"https:\/\/www.mariondumas.com\/blog\/wp-content\/uploads\/2021\/06\/C6B51AA5-79F9-4D77-8300-360958709AB8.jpeg\" title=\"\" data-rl_title=\"\" class=\"rl-gallery-link\" data-rl_caption=\"Paco Rabanne collection \u00e9t\u00e9 2021\" data-rel=\"lightbox-gallery-1\" data-magnific_type=\"gallery\"><img loading=\"lazy\" decoding=\"async\" src=\"https:\/\/www.mariondumas.com\/blog\/wp-content\/uploads\/2021\/06\/C6B51AA5-79F9-4D77-8300-360958709AB8-575x800.jpeg\" width=\"575\" height=\"800\" alt=\"Paco Rabanne collection \u00e9t\u00e9 2021 - Marion Dumas\"\/><span class=\"rl-gallery-caption\"><span class=\"rl-gallery-item-caption\">Paco Rabanne collection \u00e9t\u00e9 2021<\/span><\/span><\/a> <\/div> <\/div> <div class=\"rl-gallery-item\" > <div class=\"rl-gallery-item-content\"> <a href=\"https:\/\/www.mariondumas.com\/blog\/wp-content\/uploads\/2021\/06\/BF9B2161-4604-426C-8F29-0FD5819FBE78.jpeg\" title=\"\" data-rl_title=\"\" class=\"rl-gallery-link\" data-rl_caption=\"Paco Rabanne collection \u00e9t\u00e9 2021\" data-rel=\"lightbox-gallery-1\" data-magnific_type=\"gallery\"><img loading=\"lazy\" decoding=\"async\" src=\"https:\/\/www.mariondumas.com\/blog\/wp-content\/uploads\/2021\/06\/BF9B2161-4604-426C-8F29-0FD5819FBE78-600x800.jpeg\" width=\"600\" height=\"800\" alt=\"\"\/><span class=\"rl-gallery-caption\"><span class=\"rl-gallery-item-caption\">Paco Rabanne collection \u00e9t\u00e9 2021<\/span><\/span><\/a> <\/div> <\/div> <div class=\"rl-gallery-item\" > <div class=\"rl-gallery-item-content\"> <a href=\"https:\/\/www.mariondumas.com\/blog\/wp-content\/uploads\/2021\/06\/387151B9-F011-4A1E-9664-14F5E2846337.jpeg\" title=\"\" data-rl_title=\"\" class=\"rl-gallery-link\" data-rl_caption=\"Paco Rabanne collection \u00e9t\u00e9 2021\" data-rel=\"lightbox-gallery-1\" data-magnific_type=\"gallery\"><img loading=\"lazy\" decoding=\"async\" src=\"https:\/\/www.mariondumas.com\/blog\/wp-content\/uploads\/2021\/06\/387151B9-F011-4A1E-9664-14F5E2846337-577x800.jpeg\" width=\"577\" height=\"800\" alt=\"\"\/><span class=\"rl-gallery-caption\"><span class=\"rl-gallery-item-caption\">Paco Rabanne collection \u00e9t\u00e9 2021<\/span><\/span><\/a> <\/div> <\/div> <div class=\"rl-gallery-item\" > <div class=\"rl-gallery-item-content\"> <a href=\"https:\/\/www.mariondumas.com\/blog\/wp-content\/uploads\/2020\/12\/bain-4-scaled.jpg\" title=\"\" data-rl_title=\"\" class=\"rl-gallery-link\" data-rl_caption=\"\" data-rel=\"lightbox-gallery-1\" data-magnific_type=\"gallery\"><img loading=\"lazy\" decoding=\"async\" src=\"https:\/\/www.mariondumas.com\/blog\/wp-content\/uploads\/2020\/12\/bain-4-625x800.jpg\" width=\"625\" height=\"800\" alt=\"\"\/><\/a> <\/div> <\/div> <div class=\"rl-gallery-item\" > <div class=\"rl-gallery-item-content\"> <a href=\"https:\/\/www.mariondumas.com\/blog\/wp-content\/uploads\/2020\/12\/Marion-Dumas-shooting-G.T.jpg\" title=\"\" data-rl_title=\"\" class=\"rl-gallery-link\" data-rl_caption=\"\" data-rel=\"lightbox-gallery-1\" data-magnific_type=\"gallery\"><img loading=\"lazy\" decoding=\"async\" src=\"https:\/\/www.mariondumas.com\/blog\/wp-content\/uploads\/2020\/12\/Marion-Dumas-shooting-G.T-800x800.jpg\" width=\"640\" height=\"640\" alt=\"\"\/><\/a> <\/div> <\/div> <div class=\"rl-gallery-item\" > <div class=\"rl-gallery-item-content\"> <a href=\"https:\/\/www.mariondumas.com\/blog\/wp-content\/uploads\/2020\/12\/1377305_535125159904728_1823870062_n.jpg\" title=\"\" data-rl_title=\"\" class=\"rl-gallery-link\" data-rl_caption=\"\" data-rel=\"lightbox-gallery-1\" data-magnific_type=\"gallery\"><img loading=\"lazy\" decoding=\"async\" src=\"https:\/\/www.mariondumas.com\/blog\/wp-content\/uploads\/2020\/12\/1377305_535125159904728_1823870062_n.jpg\" width=\"467\" height=\"448\" alt=\"\"\/><\/a> <\/div> <\/div> <div class=\"rl-gallery-item\" > <div class=\"rl-gallery-item-content\"> <a href=\"https:\/\/www.mariondumas.com\/blog\/wp-content\/uploads\/2020\/12\/plage-copie-scaled.jpg\" title=\"\" data-rl_title=\"\" class=\"rl-gallery-link\" data-rl_caption=\"\" data-rel=\"lightbox-gallery-1\" data-magnific_type=\"gallery\"><img loading=\"lazy\" decoding=\"async\" src=\"https:\/\/www.mariondumas.com\/blog\/wp-content\/uploads\/2020\/12\/plage-copie-800x565.jpg\" width=\"640\" height=\"452\" alt=\"\"\/><\/a> <\/div> <\/div> <div class=\"rl-gallery-item\" > <div class=\"rl-gallery-item-content\"> <a href=\"https:\/\/www.mariondumas.com\/blog\/wp-content\/uploads\/2017\/12\/marion-dumas-10.jpg\" title=\"\" data-rl_title=\"\" class=\"rl-gallery-link\" data-rl_caption=\"\" data-rel=\"lightbox-gallery-1\" data-magnific_type=\"gallery\"><img loading=\"lazy\" decoding=\"async\" src=\"https:\/\/www.mariondumas.com\/blog\/wp-content\/uploads\/2017\/12\/marion-dumas-10-800x487.jpg\" width=\"640\" height=\"390\" alt=\"\"\/><\/a> <\/div> <\/div> <div class=\"rl-gallery-item\" > <div class=\"rl-gallery-item-content\"> <a href=\"https:\/\/www.mariondumas.com\/blog\/wp-content\/uploads\/2019\/09\/3fa_027-2.jpg\" title=\"\" data-rl_title=\"\" class=\"rl-gallery-link\" data-rl_caption=\"\" data-rel=\"lightbox-gallery-1\" data-magnific_type=\"gallery\"><img loading=\"lazy\" decoding=\"async\" src=\"https:\/\/www.mariondumas.com\/blog\/wp-content\/uploads\/2019\/09\/3fa_027-2-800x533.jpg\" width=\"640\" height=\"426\" alt=\"\"\/><\/a> <\/div> <\/div> <\/div> <\/div>\n<div>\n<p class=\"texte\"><span class=\"texte\">\u00a0Plus jeune, Marion a beaucoup\u00a0 d\u00e9fil\u00e9 pour le pr\u00eat \u00e0 porter et la lingerie (La Perla, Huit, Cacharel, Jenna de Rosnay\u2026), elle a \u00e9galement ador\u00e9 pos\u00e9 en tant que mod\u00e8le\u00a0 pour la presse, les magazines, et diff\u00e9rentes campagnes Publicitaires. (Barclay\u2019s, Microsoft, Lavazza, Cegetel, Renault, BMW&#8230;)<\/span><\/p>\n<div class=\"rl-gallery-container \" id=\"rl-gallery-container-2\" data-gallery_id=\"0\"> <div class=\"rl-gallery rl-basicmasonry-gallery \" id=\"rl-gallery-2\" data-gallery_no=\"2\"> <div class=\"rl-gutter-sizer\"><\/div><div class=\"rl-grid-sizer\"><\/div> <div class=\"rl-gallery-item rl-gallery-item-width-4\" > <div class=\"rl-gallery-item-content\"> <a href=\"https:\/\/www.mariondumas.com\/blog\/wp-content\/uploads\/2009\/04\/photoagent6.jpg\" title=\"\" data-rl_title=\"\" class=\"rl-gallery-link\" data-rl_caption=\"\" data-rel=\"lightbox-gallery-2\" data-magnific_type=\"gallery\"><img loading=\"lazy\" decoding=\"async\" src=\"https:\/\/www.mariondumas.com\/blog\/wp-content\/uploads\/2009\/04\/photoagent6-233x350.jpg\" width=\"233\" height=\"350\" alt=\"\"\/><\/a> <\/div> <\/div> <div class=\"rl-gallery-item\" > <div class=\"rl-gallery-item-content\"> <a href=\"https:\/\/www.mariondumas.com\/blog\/wp-content\/uploads\/2009\/04\/marion-dumas-301.jpg\" title=\"\" data-rl_title=\"\" class=\"rl-gallery-link\" data-rl_caption=\"\" data-rel=\"lightbox-gallery-2\" data-magnific_type=\"gallery\"><img loading=\"lazy\" decoding=\"async\" src=\"https:\/\/www.mariondumas.com\/blog\/wp-content\/uploads\/2009\/04\/marion-dumas-301-280x350.jpg\" width=\"280\" height=\"350\" alt=\"\"\/><\/a> <\/div> <\/div> <div class=\"rl-gallery-item\" > <div class=\"rl-gallery-item-content\"> <a href=\"https:\/\/www.mariondumas.com\/blog\/wp-content\/uploads\/2009\/04\/photoagent01.jpg\" title=\"\" data-rl_title=\"\" class=\"rl-gallery-link\" data-rl_caption=\"\" data-rel=\"lightbox-gallery-2\" data-magnific_type=\"gallery\"><img loading=\"lazy\" decoding=\"async\" src=\"https:\/\/www.mariondumas.com\/blog\/wp-content\/uploads\/2009\/04\/photoagent01-233x350.jpg\" width=\"233\" height=\"350\" alt=\"\"\/><\/a> <\/div> <\/div> <div class=\"rl-gallery-item\" > <div class=\"rl-gallery-item-content\"> <a href=\"https:\/\/www.mariondumas.com\/blog\/wp-content\/uploads\/2009\/04\/marion-dumas-32.jpg\" title=\"\" data-rl_title=\"\" class=\"rl-gallery-link\" data-rl_caption=\"\" data-rel=\"lightbox-gallery-2\" data-magnific_type=\"gallery\"><img loading=\"lazy\" decoding=\"async\" src=\"https:\/\/www.mariondumas.com\/blog\/wp-content\/uploads\/2009\/04\/marion-dumas-32-350x253.jpg\" width=\"350\" height=\"253\" alt=\"\"\/><\/a> <\/div> <\/div> <div class=\"rl-gallery-item\" > <div class=\"rl-gallery-item-content\"> <a href=\"https:\/\/www.mariondumas.com\/blog\/wp-content\/uploads\/2009\/04\/marion-dumas-8.jpg\" title=\"\" data-rl_title=\"\" class=\"rl-gallery-link\" data-rl_caption=\"\" data-rel=\"lightbox-gallery-2\" data-magnific_type=\"gallery\"><img loading=\"lazy\" decoding=\"async\" src=\"https:\/\/www.mariondumas.com\/blog\/wp-content\/uploads\/2009\/04\/marion-dumas-8.jpg\" width=\"345\" height=\"347\" alt=\"\"\/><\/a> <\/div> <\/div> <div class=\"rl-gallery-item\" > <div class=\"rl-gallery-item-content\"> <a href=\"https:\/\/www.mariondumas.com\/blog\/wp-content\/uploads\/2009\/04\/p10.jpg\" title=\"\" data-rl_title=\"\" class=\"rl-gallery-link\" data-rl_caption=\"\" data-rel=\"lightbox-gallery-2\" data-magnific_type=\"gallery\"><img loading=\"lazy\" decoding=\"async\" src=\"https:\/\/www.mariondumas.com\/blog\/wp-content\/uploads\/2009\/04\/p10.jpg\" width=\"350\" height=\"350\" alt=\"\"\/><\/a> <\/div> <\/div> <div class=\"rl-gallery-item\" > <div class=\"rl-gallery-item-content\"> <a href=\"https:\/\/www.mariondumas.com\/blog\/wp-content\/uploads\/2010\/05\/def_mg_95484.jpg\" title=\"\" data-rl_title=\"\" class=\"rl-gallery-link\" data-rl_caption=\"\" data-rel=\"lightbox-gallery-2\" data-magnific_type=\"gallery\"><img loading=\"lazy\" decoding=\"async\" src=\"https:\/\/www.mariondumas.com\/blog\/wp-content\/uploads\/2010\/05\/def_mg_95484.jpg\" width=\"1\" height=\"1\" alt=\"\"\/><\/a> <\/div> <\/div> <div class=\"rl-gallery-item\" > <div class=\"rl-gallery-item-content\"> <a href=\"https:\/\/www.mariondumas.com\/blog\/wp-content\/uploads\/2009\/04\/single2.jpg\" title=\"\" data-rl_title=\"\" class=\"rl-gallery-link\" data-rl_caption=\"\" data-rel=\"lightbox-gallery-2\" data-magnific_type=\"gallery\"><img loading=\"lazy\" decoding=\"async\" src=\"https:\/\/www.mariondumas.com\/blog\/wp-content\/uploads\/2009\/04\/single2-233x350.jpg\" width=\"233\" height=\"350\" alt=\"\"\/><\/a> <\/div> <\/div> <div class=\"rl-gallery-item\" > <div class=\"rl-gallery-item-content\"> <a href=\"https:\/\/www.mariondumas.com\/blog\/wp-content\/uploads\/2009\/04\/marion-dumas-181.jpg\" title=\"\" data-rl_title=\"\" class=\"rl-gallery-link\" data-rl_caption=\"\" data-rel=\"lightbox-gallery-2\" data-magnific_type=\"gallery\"><img loading=\"lazy\" decoding=\"async\" src=\"https:\/\/www.mariondumas.com\/blog\/wp-content\/uploads\/2009\/04\/marion-dumas-181-247x350.jpg\" width=\"247\" height=\"350\" alt=\"\"\/><\/a> <\/div> <\/div> <div class=\"rl-gallery-item\" > <div class=\"rl-gallery-item-content\"> <a href=\"https:\/\/www.mariondumas.com\/blog\/wp-content\/uploads\/2009\/04\/marion-dumas-171.jpg\" title=\"\" data-rl_title=\"\" class=\"rl-gallery-link\" data-rl_caption=\"\" data-rel=\"lightbox-gallery-2\" data-magnific_type=\"gallery\"><img loading=\"lazy\" decoding=\"async\" src=\"https:\/\/www.mariondumas.com\/blog\/wp-content\/uploads\/2009\/04\/marion-dumas-171-216x350.jpg\" width=\"216\" height=\"350\" alt=\"\"\/><\/a> <\/div> <\/div> <div class=\"rl-gallery-item\" > <div class=\"rl-gallery-item-content\"> <a href=\"https:\/\/www.mariondumas.com\/blog\/wp-content\/uploads\/2009\/04\/marion-dumas-26.jpg\" title=\"\" data-rl_title=\"\" class=\"rl-gallery-link\" data-rl_caption=\"\" data-rel=\"lightbox-gallery-2\" data-magnific_type=\"gallery\"><img loading=\"lazy\" decoding=\"async\" src=\"https:\/\/www.mariondumas.com\/blog\/wp-content\/uploads\/2009\/04\/marion-dumas-26-236x350.jpg\" width=\"236\" height=\"350\" alt=\"\"\/><\/a> <\/div> <\/div> <div class=\"rl-gallery-item\" > <div class=\"rl-gallery-item-content\"> <a href=\"https:\/\/www.mariondumas.com\/blog\/wp-content\/uploads\/2009\/04\/singleringen11.jpg\" title=\"\" data-rl_title=\"\" class=\"rl-gallery-link\" data-rl_caption=\"\" data-rel=\"lightbox-gallery-2\" data-magnific_type=\"gallery\"><img loading=\"lazy\" decoding=\"async\" src=\"https:\/\/www.mariondumas.com\/blog\/wp-content\/uploads\/2009\/04\/singleringen11-329x350.jpg\" width=\"329\" height=\"350\" alt=\"\"\/><\/a> <\/div> <\/div> <div class=\"rl-gallery-item\" > <div class=\"rl-gallery-item-content\"> <a href=\"https:\/\/www.mariondumas.com\/blog\/wp-content\/uploads\/2009\/04\/marion-dumas-24.jpg\" title=\"\" data-rl_title=\"\" class=\"rl-gallery-link\" data-rl_caption=\"\" data-rel=\"lightbox-gallery-2\" data-magnific_type=\"gallery\"><img loading=\"lazy\" decoding=\"async\" src=\"https:\/\/www.mariondumas.com\/blog\/wp-content\/uploads\/2009\/04\/marion-dumas-24-236x350.jpg\" width=\"236\" height=\"350\" alt=\"\"\/><\/a> <\/div> <\/div> <div class=\"rl-gallery-item\" > <div class=\"rl-gallery-item-content\"> <a href=\"https:\/\/www.mariondumas.com\/blog\/wp-content\/uploads\/2009\/04\/photoagent8.jpg\" title=\"\" data-rl_title=\"\" class=\"rl-gallery-link\" data-rl_caption=\"\" data-rel=\"lightbox-gallery-2\" data-magnific_type=\"gallery\"><img loading=\"lazy\" decoding=\"async\" src=\"https:\/\/www.mariondumas.com\/blog\/wp-content\/uploads\/2009\/04\/photoagent8-233x350.jpg\" width=\"233\" height=\"350\" alt=\"\"\/><\/a> <\/div> <\/div> <div class=\"rl-gallery-item\" > <div class=\"rl-gallery-item-content\"> <a href=\"https:\/\/www.mariondumas.com\/blog\/wp-content\/uploads\/2009\/04\/marion-dumas-291.jpg\" title=\"\" data-rl_title=\"\" class=\"rl-gallery-link\" data-rl_caption=\"\" data-rel=\"lightbox-gallery-2\" data-magnific_type=\"gallery\"><img loading=\"lazy\" decoding=\"async\" src=\"https:\/\/www.mariondumas.com\/blog\/wp-content\/uploads\/2009\/04\/marion-dumas-291-286x350.jpg\" width=\"286\" height=\"350\" alt=\"\"\/><\/a> <\/div> <\/div> <div class=\"rl-gallery-item\" > <div class=\"rl-gallery-item-content\"> <a href=\"https:\/\/www.mariondumas.com\/blog\/wp-content\/uploads\/2009\/04\/marion-dumas-191.jpg\" title=\"\" data-rl_title=\"\" class=\"rl-gallery-link\" data-rl_caption=\"\" data-rel=\"lightbox-gallery-2\" data-magnific_type=\"gallery\"><img loading=\"lazy\" decoding=\"async\" src=\"https:\/\/www.mariondumas.com\/blog\/wp-content\/uploads\/2009\/04\/marion-dumas-191-350x321.jpg\" width=\"350\" height=\"321\" alt=\"\"\/><\/a> <\/div> <\/div> <div class=\"rl-gallery-item\" > <div class=\"rl-gallery-item-content\"> <a href=\"https:\/\/www.mariondumas.com\/blog\/wp-content\/uploads\/2009\/04\/cow-boy.jpg\" title=\"\" data-rl_title=\"\" class=\"rl-gallery-link\" data-rl_caption=\"\" data-rel=\"lightbox-gallery-2\" data-magnific_type=\"gallery\"><img loading=\"lazy\" decoding=\"async\" src=\"https:\/\/www.mariondumas.com\/blog\/wp-content\/uploads\/2009\/04\/cow-boy-260x350.jpg\" width=\"260\" height=\"350\" alt=\"\"\/><\/a> <\/div> <\/div> <div class=\"rl-gallery-item\" > <div class=\"rl-gallery-item-content\"> <a href=\"https:\/\/www.mariondumas.com\/blog\/wp-content\/uploads\/2009\/04\/marion-dumas-25.jpg\" title=\"\" data-rl_title=\"\" class=\"rl-gallery-link\" data-rl_caption=\"\" data-rel=\"lightbox-gallery-2\" data-magnific_type=\"gallery\"><img loading=\"lazy\" decoding=\"async\" src=\"https:\/\/www.mariondumas.com\/blog\/wp-content\/uploads\/2009\/04\/marion-dumas-25-236x350.jpg\" width=\"236\" height=\"350\" alt=\"\"\/><\/a> <\/div> <\/div> <div class=\"rl-gallery-item\" > <div class=\"rl-gallery-item-content\"> <a href=\"https:\/\/www.mariondumas.com\/blog\/wp-content\/uploads\/2009\/04\/marion-dumas-23.jpg\" title=\"\" data-rl_title=\"\" class=\"rl-gallery-link\" data-rl_caption=\"\" data-rel=\"lightbox-gallery-2\" data-magnific_type=\"gallery\"><img loading=\"lazy\" decoding=\"async\" src=\"https:\/\/www.mariondumas.com\/blog\/wp-content\/uploads\/2009\/04\/marion-dumas-23.jpg\" width=\"347\" height=\"345\" alt=\"\"\/><\/a> <\/div> <\/div> <div class=\"rl-gallery-item\" > <div class=\"rl-gallery-item-content\"> <a href=\"https:\/\/www.mariondumas.com\/blog\/wp-content\/uploads\/2009\/04\/marion-dumas-311.jpg\" title=\"\" data-rl_title=\"\" class=\"rl-gallery-link\" data-rl_caption=\"\" data-rel=\"lightbox-gallery-2\" data-magnific_type=\"gallery\"><img loading=\"lazy\" decoding=\"async\" src=\"https:\/\/www.mariondumas.com\/blog\/wp-content\/uploads\/2009\/04\/marion-dumas-311-234x350.jpg\" width=\"234\" height=\"350\" alt=\"\"\/><\/a> <\/div> <\/div> <div class=\"rl-gallery-item\" > <div class=\"rl-gallery-item-content\"> <a href=\"https:\/\/www.mariondumas.com\/blog\/wp-content\/uploads\/2009\/04\/photoagent7.jpg\" title=\"\" data-rl_title=\"\" class=\"rl-gallery-link\" data-rl_caption=\"\" data-rel=\"lightbox-gallery-2\" data-magnific_type=\"gallery\"><img loading=\"lazy\" decoding=\"async\" src=\"https:\/\/www.mariondumas.com\/blog\/wp-content\/uploads\/2009\/04\/photoagent7-233x350.jpg\" width=\"233\" height=\"350\" alt=\"\"\/><\/a> <\/div> <\/div> <div class=\"rl-gallery-item\" > <div class=\"rl-gallery-item-content\"> <a href=\"https:\/\/www.mariondumas.com\/blog\/wp-content\/uploads\/2009\/04\/25.jpg\" title=\"\" data-rl_title=\"\" class=\"rl-gallery-link\" data-rl_caption=\"\" data-rel=\"lightbox-gallery-2\" data-magnific_type=\"gallery\"><img loading=\"lazy\" decoding=\"async\" src=\"https:\/\/www.mariondumas.com\/blog\/wp-content\/uploads\/2009\/04\/25-350x253.jpg\" width=\"350\" height=\"253\" alt=\"\"\/><\/a> <\/div> <\/div> <div class=\"rl-gallery-item\" > <div class=\"rl-gallery-item-content\"> <a href=\"https:\/\/www.mariondumas.com\/blog\/wp-content\/uploads\/2009\/04\/t03.jpg\" title=\"\" data-rl_title=\"\" class=\"rl-gallery-link\" data-rl_caption=\"\" data-rel=\"lightbox-gallery-2\" data-magnific_type=\"gallery\"><img loading=\"lazy\" decoding=\"async\" src=\"https:\/\/www.mariondumas.com\/blog\/wp-content\/uploads\/2009\/04\/t03.jpg\" width=\"350\" height=\"350\" alt=\"\"\/><\/a> <\/div> <\/div> <div class=\"rl-gallery-item\" > <div class=\"rl-gallery-item-content\"> <a href=\"https:\/\/www.mariondumas.com\/blog\/wp-content\/uploads\/2009\/04\/marion-dumas-151.jpg\" title=\"\" data-rl_title=\"\" class=\"rl-gallery-link\" data-rl_caption=\"\" data-rel=\"lightbox-gallery-2\" data-magnific_type=\"gallery\"><img loading=\"lazy\" decoding=\"async\" src=\"https:\/\/www.mariondumas.com\/blog\/wp-content\/uploads\/2009\/04\/marion-dumas-151-232x350.jpg\" width=\"232\" height=\"350\" alt=\"\"\/><\/a> <\/div> <\/div> <div class=\"rl-gallery-item\" > <div class=\"rl-gallery-item-content\"> <a href=\"https:\/\/www.mariondumas.com\/blog\/wp-content\/uploads\/2009\/04\/singleringen.jpg\" title=\"\" data-rl_title=\"\" class=\"rl-gallery-link\" data-rl_caption=\"\" data-rel=\"lightbox-gallery-2\" data-magnific_type=\"gallery\"><img loading=\"lazy\" decoding=\"async\" src=\"https:\/\/www.mariondumas.com\/blog\/wp-content\/uploads\/2009\/04\/singleringen-233x350.jpg\" width=\"233\" height=\"350\" alt=\"\"\/><\/a> <\/div> <\/div> <div class=\"rl-gallery-item\" > <div class=\"rl-gallery-item-content\"> <a href=\"https:\/\/www.mariondumas.com\/blog\/wp-content\/uploads\/2009\/04\/marion-dumas-4.jpg\" title=\"\" data-rl_title=\"\" class=\"rl-gallery-link\" data-rl_caption=\"\" data-rel=\"lightbox-gallery-2\" data-magnific_type=\"gallery\"><img loading=\"lazy\" decoding=\"async\" src=\"https:\/\/www.mariondumas.com\/blog\/wp-content\/uploads\/2009\/04\/marion-dumas-4-233x350.jpg\" width=\"233\" height=\"350\" alt=\"\"\/><\/a> <\/div> <\/div> <div class=\"rl-gallery-item\" > <div class=\"rl-gallery-item-content\"> <a href=\"https:\/\/www.mariondumas.com\/blog\/wp-content\/uploads\/2009\/04\/marion-dumas-9.jpg\" title=\"\" data-rl_title=\"\" class=\"rl-gallery-link\" data-rl_caption=\"\" data-rel=\"lightbox-gallery-2\" data-magnific_type=\"gallery\"><img loading=\"lazy\" decoding=\"async\" src=\"https:\/\/www.mariondumas.com\/blog\/wp-content\/uploads\/2009\/04\/marion-dumas-9.jpg\" width=\"343\" height=\"344\" alt=\"\"\/><\/a> <\/div> <\/div> <div class=\"rl-gallery-item\" > <div class=\"rl-gallery-item-content\"> <a href=\"https:\/\/www.mariondumas.com\/blog\/wp-content\/uploads\/2009\/04\/marion-dumas-111.jpg\" title=\"\" data-rl_title=\"\" class=\"rl-gallery-link\" data-rl_caption=\"\" data-rel=\"lightbox-gallery-2\" data-magnific_type=\"gallery\"><img loading=\"lazy\" decoding=\"async\" src=\"https:\/\/www.mariondumas.com\/blog\/wp-content\/uploads\/2009\/04\/marion-dumas-111-350x246.jpg\" width=\"350\" height=\"246\" alt=\"\"\/><\/a> <\/div> <\/div> <div class=\"rl-gallery-item\" > <div class=\"rl-gallery-item-content\"> <a href=\"https:\/\/www.mariondumas.com\/blog\/wp-content\/uploads\/2009\/04\/marion-dumas-10.jpg\" title=\"\" data-rl_title=\"\" class=\"rl-gallery-link\" data-rl_caption=\"\" data-rel=\"lightbox-gallery-2\" data-magnific_type=\"gallery\"><img loading=\"lazy\" decoding=\"async\" src=\"https:\/\/www.mariondumas.com\/blog\/wp-content\/uploads\/2009\/04\/marion-dumas-10-238x350.jpg\" width=\"238\" height=\"350\" alt=\"\"\/><\/a> <\/div> <\/div> <div class=\"rl-gallery-item\" > <div class=\"rl-gallery-item-content\"> <a href=\"https:\/\/www.mariondumas.com\/blog\/wp-content\/uploads\/2009\/04\/7.jpg\" title=\"\" data-rl_title=\"\" class=\"rl-gallery-link\" data-rl_caption=\"\" data-rel=\"lightbox-gallery-2\" data-magnific_type=\"gallery\"><img loading=\"lazy\" decoding=\"async\" src=\"https:\/\/www.mariondumas.com\/blog\/wp-content\/uploads\/2009\/04\/7.jpg\" width=\"350\" height=\"350\" alt=\"\"\/><\/a> <\/div> <\/div> <div class=\"rl-gallery-item\" > <div class=\"rl-gallery-item-content\"> <a href=\"https:\/\/www.mariondumas.com\/blog\/wp-content\/uploads\/2009\/04\/marion-dumas-7.jpg\" title=\"\" data-rl_title=\"\" class=\"rl-gallery-link\" data-rl_caption=\"\" data-rel=\"lightbox-gallery-2\" data-magnific_type=\"gallery\"><img loading=\"lazy\" decoding=\"async\" src=\"https:\/\/www.mariondumas.com\/blog\/wp-content\/uploads\/2009\/04\/marion-dumas-7-296x350.jpg\" width=\"296\" height=\"350\" alt=\"\"\/><\/a> <\/div> <\/div> <div class=\"rl-gallery-item\" > <div class=\"rl-gallery-item-content\"> <a href=\"https:\/\/www.mariondumas.com\/blog\/wp-content\/uploads\/2009\/04\/marion-dumas-31.jpg\" title=\"\" data-rl_title=\"\" class=\"rl-gallery-link\" data-rl_caption=\"\" data-rel=\"lightbox-gallery-2\" data-magnific_type=\"gallery\"><img loading=\"lazy\" decoding=\"async\" src=\"https:\/\/www.mariondumas.com\/blog\/wp-content\/uploads\/2009\/04\/marion-dumas-31-232x350.jpg\" width=\"232\" height=\"350\" alt=\"\"\/><\/a> <\/div> <\/div> <div class=\"rl-gallery-item\" > <div class=\"rl-gallery-item-content\"> <a href=\"https:\/\/www.mariondumas.com\/blog\/wp-content\/uploads\/2009\/04\/marion-dumas1.jpg\" title=\"\" data-rl_title=\"\" class=\"rl-gallery-link\" data-rl_caption=\"\" data-rel=\"lightbox-gallery-2\" data-magnific_type=\"gallery\"><img loading=\"lazy\" decoding=\"async\" src=\"https:\/\/www.mariondumas.com\/blog\/wp-content\/uploads\/2009\/04\/marion-dumas1-315x350.jpg\" width=\"315\" height=\"350\" alt=\"\"\/><\/a> <\/div> <\/div> <\/div> <\/div>\n<p>&nbsp;<\/p>\n<\/div>\n<p>&nbsp;<\/p>\n","protected":false},"excerpt":{"rendered":"<p>\u00a0Plus jeune, Marion a beaucoup\u00a0 d\u00e9fil\u00e9 pour le pr\u00eat \u00e0 porter et la lingerie (La Perla, Huit, Cacharel, Jenna de Rosnay\u2026), elle a \u00e9galement ador\u00e9 pos\u00e9 en tant que mod\u00e8le\u00a0 pour la presse, les magazines, et diff\u00e9rentes campagnes Publicitaires. (Barclay\u2019s, Microsoft, Lavazza, Cegetel, Renault, BMW&#8230;) &nbsp; &nbsp;<\/p>\n","protected":false},"author":2,"featured_media":0,"parent":0,"menu_order":6,"comment_status":"closed","ping_status":"closed","template":"","meta":{"footnotes":""},"class_list":["post-36","page","type-page","status-publish","hentry"],"_links":{"self":[{"href":"https:\/\/www.mariondumas.com\/blog\/wp-json\/wp\/v2\/pages\/36","targetHints":{"allow":["GET"]}}],"collection":[{"href":"https:\/\/www.mariondumas.com\/blog\/wp-json\/wp\/v2\/pages"}],"about":[{"href":"https:\/\/www.mariondumas.com\/blog\/wp-json\/wp\/v2\/types\/page"}],"author":[{"embeddable":true,"href":"https:\/\/www.mariondumas.com\/blog\/wp-json\/wp\/v2\/users\/2"}],"replies":[{"embeddable":true,"href":"https:\/\/www.mariondumas.com\/blog\/wp-json\/wp\/v2\/comments?post=36"}],"version-history":[{"count":4,"href":"https:\/\/www.mariondumas.com\/blog\/wp-json\/wp\/v2\/pages\/36\/revisions"}],"predecessor-version":[{"id":2067,"href":"https:\/\/www.mariondumas.com\/blog\/wp-json\/wp\/v2\/pages\/36\/revisions\/2067"}],"wp:attachment":[{"href":"https:\/\/www.mariondumas.com\/blog\/wp-json\/wp\/v2\/media?parent=36"}],"curies":[{"name":"wp","href":"https:\/\/api.w.org\/{rel}","templated":true}]}}