{"id":388,"date":"2009-04-28T12:09:52","date_gmt":"2009-04-28T10:09:52","guid":{"rendered":"http:\/\/www.mariondumas.com\/blog\/?page_id=388"},"modified":"2026-02-01T17:54:52","modified_gmt":"2026-02-01T15:54:52","slug":"contact","status":"publish","type":"page","link":"https:\/\/www.mariondumas.com\/blog\/contact\/","title":{"rendered":"Contact"},"content":{"rendered":"<h1>Contact<\/h1>\n<p><strong>Marion Dumas est repr\u00e9sent\u00e9e par l&rsquo;Agent Artistique Sabine Desternes <a href=\"https:\/\/www.google.com\/search?q=sabine+desternes+talent+d%27art+tel&amp;oq=sabine+desternes+talent+d%27art+tel&amp;gs_lcrp=EgZjaHJvbWUyBggAEEUYOTIJCAEQIRgKGKABMgkIAhAhGAoYoAEyBggDECEYFdIBCjEzMTEyajBqMTWoAgiwAgHxBVwa2Q7W1e4Q&amp;sourceid=chrome&amp;ie=UTF-8#\" data-dtype=\"d3ph\" data-local-attribute=\"d3ph\" data-ved=\"2ahUKEwik2ZDo0riSAxW4bqQEHfGwCEYQkAgoAHoECAoQAg\"><span aria-label=\"Appeler le 06 11 91 38 57\">06 11 91 38 57<\/span><\/a><\/strong><\/p>\n<p><img loading=\"lazy\" decoding=\"async\" class=\"alignnone size-full wp-image-2114\" src=\"https:\/\/www.mariondumas.com\/blog\/wp-content\/uploads\/2026\/02\/Capture-decran-2026-02-01-a-16.50.16.png\" alt=\"\" width=\"214\" height=\"130\" \/><\/p>\n<p><a href=\"https:\/\/www.talentsdart.fr\/artiste.cfm\/780919_115_1-marion_dumas.html\">Agence Talents d&rsquo;Art <\/a><\/p>\n<p>Pour toute demande de photo d\u00e9dicac\u00e9e, merci d&rsquo;envoyer votre demande \u00e0 son agent ,\u00a0 (avec une lettre retour affranchi \u00e0 votre adresse<\/p>\n<p>Agence Talents d&rsquo;Art 42 rue du Faubourg du Temple &#8211; 75011 PARIS<\/p>\n<p><a href=\"mailto:sabine.desternes@talentsdart.fr\">sabine.desternes@talentsdart.fr<\/a><\/p>\n<p>&nbsp;<\/p>\n<p>Contacter Marion Dumas par mail: <a href=\"mailto:marion@mariondumas.com\">marion@mariondumas.com<\/a><\/p>\n","protected":false},"excerpt":{"rendered":"<p>Contact Marion Dumas est repr\u00e9sent\u00e9e par l&rsquo;Agent Artistique Sabine Desternes 06 11 91 38 57 Agence Talents d&rsquo;Art Pour toute demande de photo d\u00e9dicac\u00e9e, merci d&rsquo;envoyer votre demande \u00e0 son agent ,\u00a0 (avec une lettre retour affranchi \u00e0 votre adresse Agence Talents d&rsquo;Art 42 rue du Faubourg du Temple &#8211; 75011 PARIS sabine.desternes@talentsdart.fr &nbsp; Contacter<\/p>\n<div class=\"more-link\">\n             <a href=\"https:\/\/www.mariondumas.com\/blog\/contact\/\" class=\"theme-btn\"><span>Continue Reading <\/span><i class=\"bi bi-arrow-right\"><\/i><\/a>\n        <\/div>\n","protected":false},"author":3,"featured_media":0,"parent":0,"menu_order":10,"comment_status":"closed","ping_status":"closed","template":"","meta":{"footnotes":""},"class_list":["post-388","page","type-page","status-publish","hentry"],"_links":{"self":[{"href":"https:\/\/www.mariondumas.com\/blog\/wp-json\/wp\/v2\/pages\/388","targetHints":{"allow":["GET"]}}],"collection":[{"href":"https:\/\/www.mariondumas.com\/blog\/wp-json\/wp\/v2\/pages"}],"about":[{"href":"https:\/\/www.mariondumas.com\/blog\/wp-json\/wp\/v2\/types\/page"}],"author":[{"embeddable":true,"href":"https:\/\/www.mariondumas.com\/blog\/wp-json\/wp\/v2\/users\/3"}],"replies":[{"embeddable":true,"href":"https:\/\/www.mariondumas.com\/blog\/wp-json\/wp\/v2\/comments?post=388"}],"version-history":[{"count":4,"href":"https:\/\/www.mariondumas.com\/blog\/wp-json\/wp\/v2\/pages\/388\/revisions"}],"predecessor-version":[{"id":2116,"href":"https:\/\/www.mariondumas.com\/blog\/wp-json\/wp\/v2\/pages\/388\/revisions\/2116"}],"wp:attachment":[{"href":"https:\/\/www.mariondumas.com\/blog\/wp-json\/wp\/v2\/media?parent=388"}],"curies":[{"name":"wp","href":"https:\/\/api.w.org\/{rel}","templated":true}]}}