{"id":41,"date":"2009-04-22T12:43:34","date_gmt":"2009-04-22T10:43:34","guid":{"rendered":"http:\/\/www.mariondumas.com\/blog\/?page_id=41"},"modified":"2025-11-20T16:17:59","modified_gmt":"2025-11-20T14:17:59","slug":"livre-yapasdemales","status":"publish","type":"page","link":"https:\/\/www.mariondumas.com\/blog\/livre-yapasdemales\/","title":{"rendered":"LIVRE Y&rsquo;A PAS DE M\u00c2LES !"},"content":{"rendered":"<h1>Y&rsquo;a pas de M\u00e2les ! un livre de Marion Dumas<\/h1>\n<p><a href=\"https:\/\/www.mariondumas.com\/blog\/wp-content\/uploads\/2009\/04\/9782848140476.jpg\" data-rel=\"lightbox-gallery-ziWu2C4z\" data-magnific_type=\"image\" data-rl_title=\"9782848140476\" data-rl_caption=\"9782848140476\" title=\"9782848140476\"><img loading=\"lazy\" decoding=\"async\" class=\"alignnone wp-image-260 size-medium\" src=\"https:\/\/www.mariondumas.com\/blog\/wp-content\/uploads\/2009\/04\/9782848140476-221x350.jpg\" alt=\"\" width=\"221\" height=\"350\" srcset=\"https:\/\/www.mariondumas.com\/blog\/wp-content\/uploads\/2009\/04\/9782848140476-221x350.jpg 221w, https:\/\/www.mariondumas.com\/blog\/wp-content\/uploads\/2009\/04\/9782848140476.jpg 400w\" sizes=\"auto, (max-width: 221px) 100vw, 221px\" \/><\/a> <a href=\"https:\/\/www.mariondumas.com\/blog\/wp-content\/uploads\/2010\/05\/yapasdemales-z.gif\" data-rel=\"lightbox-gallery-ziWu2C4z\" data-magnific_type=\"image\" data-rl_title=\"yapasdemales-z\" data-rl_caption=\"yapasdemales-z\" title=\"yapasdemales-z\"><img loading=\"lazy\" decoding=\"async\" class=\"alignnone wp-image-714 size-medium\" src=\"https:\/\/www.mariondumas.com\/blog\/wp-content\/uploads\/2010\/05\/yapasdemales-z-235x350.gif\" alt=\"\" width=\"235\" height=\"350\" srcset=\"https:\/\/www.mariondumas.com\/blog\/wp-content\/uploads\/2010\/05\/yapasdemales-z-235x350.gif 235w, https:\/\/www.mariondumas.com\/blog\/wp-content\/uploads\/2010\/05\/yapasdemales-z.gif 400w\" sizes=\"auto, (max-width: 235px) 100vw, 235px\" \/><\/a><\/p>\n<p>Voici M\u00e9lanie Moreau, active (r\u00e9dactrice en chef de \u00ab\u00a0la citadine\u00a0\u00bb) et attractive (si, si mais c&rsquo;est gr\u00e2ce \u00e0 son \u00ab\u00a0blond coriace\u00a0\u00bb couleur m\u00e9ga tendance de chez Tony and Guy !).<\/p>\n<p>Attention, elle ne cherche pas \u00e0 se caser \u00e0 tout prix, elle cherche le \u00ab\u00a0m\u00e2le du si\u00e8cle\u00a0\u00bb !<\/p>\n<p>Trop rapidement s\u00e9duite par des CDD (coups \u00e0 dur\u00e9e d\u00e9termin\u00e9e) comme Porshman, l&rsquo;ex futur re-ex, l&rsquo;homme mari\u00e9,<br \/>\nl&rsquo;Am\u00e9ricain , Mister Monde, etc&#8230;<\/p>\n<p>C&rsquo;est toujours la m\u00eame conclusion : le prince charmant est devenu une denr\u00e9e rare ! Glurrrps<\/p>\n<p>Lancement du livre \u00ab\u00a0Y&rsquo;a pas de Males\u00a0\u00bb, premi\u00e8re \u00e9dition , r\u00e9\u00e9dit\u00e9 \u00e0 trois reprises aux \u00e9ditions Pascal petiot puis \u00e9dit\u00e9 aux \u00e9ditions Leduc.S<\/p>\n<p><a class=\"highslide\" title=\"\" href=\"\/blog\/wp-content\/uploads\/2009\/04\/christian-morin-et-marie-ch.jpg\" target=\"_blank\" rel=\"noopener noreferrer\" data-rel=\"lightbox-gallery-ziWu2C4z\" data-magnific_type=\"image\" data-rl_title=\"\" data-rl_caption=\"\"><br \/>\n<img loading=\"lazy\" decoding=\"async\" class=\"\" src=\"\/blog\/wp-content\/uploads\/2009\/04\/christian-morin-et-marie-ch.jpg\" alt=\"christian-morin-et-marie-ch.jpg\" width=\"383\" height=\"256\" \/><\/a><a class=\"highslide\" title=\"\" href=\"\/blog\/wp-content\/uploads\/2009\/04\/claude-zidi-et-mireille-ber.jpg\" target=\"_blank\" rel=\"noopener noreferrer\" data-rel=\"lightbox-gallery-ziWu2C4z\" data-magnific_type=\"image\" data-rl_title=\"\" data-rl_caption=\"\"><img loading=\"lazy\" decoding=\"async\" class=\"\" src=\"\/blog\/wp-content\/uploads\/2009\/04\/claude-zidi-et-mireille-ber.jpg\" alt=\"claude-zidi-et-mireille-ber.jpg\" width=\"383\" height=\"256\" \/><\/a><a class=\"highslide\" title=\"\" href=\"\/blog\/wp-content\/uploads\/2009\/04\/daniele-gilbert.jpg\" target=\"_blank\" rel=\"noopener noreferrer\" data-rel=\"lightbox-gallery-ziWu2C4z\" data-magnific_type=\"image\" data-rl_title=\"\" data-rl_caption=\"\"><img loading=\"lazy\" decoding=\"async\" class=\"\" src=\"\/blog\/wp-content\/uploads\/2009\/04\/daniele-gilbert.jpg\" alt=\"daniele-gilbert.jpg\" width=\"384\" height=\"257\" \/><\/a><a class=\"highslide\" title=\"\" href=\"\/blog\/wp-content\/uploads\/2009\/04\/michel-greg-le-millionaire.jpg\" target=\"_blank\" rel=\"noopener noreferrer\" data-rel=\"lightbox-gallery-ziWu2C4z\" data-magnific_type=\"image\" data-rl_title=\"\" data-rl_caption=\"\"><img loading=\"lazy\" decoding=\"async\" class=\"\" src=\"\/blog\/wp-content\/uploads\/2009\/04\/michel-greg-le-millionaire.jpg\" alt=\"michel-greg-le-millionaire.jpg\" width=\"386\" height=\"258\" \/><\/a><a class=\"highslide\" title=\"\" href=\"\/blog\/wp-content\/uploads\/2009\/04\/marion-tour-eiffel.jpg\" target=\"_blank\" rel=\"noopener noreferrer\" data-rel=\"lightbox-gallery-ziWu2C4z\" data-magnific_type=\"image\" data-rl_title=\"\" data-rl_caption=\"\"><img loading=\"lazy\" decoding=\"async\" class=\"\" src=\"\/blog\/wp-content\/uploads\/2009\/04\/marion-tour-eiffel.jpg\" alt=\"marion-tour-eiffel.jpg\" width=\"268\" height=\"402\" \/><img loading=\"lazy\" decoding=\"async\" class=\"alignnone wp-image-1436\" src=\"https:\/\/www.mariondumas.com\/blog\/wp-content\/uploads\/2020\/12\/livre-les-jeux-350x233.jpg\" alt=\"\" width=\"596\" height=\"397\" srcset=\"https:\/\/www.mariondumas.com\/blog\/wp-content\/uploads\/2020\/12\/livre-les-jeux-350x233.jpg 350w, https:\/\/www.mariondumas.com\/blog\/wp-content\/uploads\/2020\/12\/livre-les-jeux-800x533.jpg 800w, https:\/\/www.mariondumas.com\/blog\/wp-content\/uploads\/2020\/12\/livre-les-jeux-768x512.jpg 768w, https:\/\/www.mariondumas.com\/blog\/wp-content\/uploads\/2020\/12\/livre-les-jeux-1536x1024.jpg 1536w, https:\/\/www.mariondumas.com\/blog\/wp-content\/uploads\/2020\/12\/livre-les-jeux.jpg 2048w\" sizes=\"auto, (max-width: 596px) 100vw, 596px\" \/><img loading=\"lazy\" decoding=\"async\" class=\"alignnone size-medium wp-image-1435\" src=\"https:\/\/www.mariondumas.com\/blog\/wp-content\/uploads\/2020\/12\/livres-350x350.jpg\" alt=\"\" width=\"350\" height=\"350\" srcset=\"https:\/\/www.mariondumas.com\/blog\/wp-content\/uploads\/2020\/12\/livres-350x350.jpg 350w, https:\/\/www.mariondumas.com\/blog\/wp-content\/uploads\/2020\/12\/livres-160x160.jpg 160w, https:\/\/www.mariondumas.com\/blog\/wp-content\/uploads\/2020\/12\/livres.jpg 612w\" sizes=\"auto, (max-width: 350px) 100vw, 350px\" \/><img loading=\"lazy\" decoding=\"async\" class=\"alignnone size-medium wp-image-831\" src=\"https:\/\/www.mariondumas.com\/blog\/wp-content\/uploads\/2011\/04\/st-trop-211x350.jpg\" alt=\"\" width=\"211\" height=\"350\" srcset=\"https:\/\/www.mariondumas.com\/blog\/wp-content\/uploads\/2011\/04\/st-trop-211x350.jpg 211w, https:\/\/www.mariondumas.com\/blog\/wp-content\/uploads\/2011\/04\/st-trop.jpg 365w\" sizes=\"auto, (max-width: 211px) 100vw, 211px\" \/><img loading=\"lazy\" decoding=\"async\" class=\"alignnone size-medium wp-image-823\" src=\"https:\/\/www.mariondumas.com\/blog\/wp-content\/uploads\/2011\/04\/jeux-350x263.jpg\" alt=\"\" width=\"350\" height=\"263\" srcset=\"https:\/\/www.mariondumas.com\/blog\/wp-content\/uploads\/2011\/04\/jeux-350x263.jpg 350w, https:\/\/www.mariondumas.com\/blog\/wp-content\/uploads\/2011\/04\/jeux.jpg 604w\" sizes=\"auto, (max-width: 350px) 100vw, 350px\" \/><img loading=\"lazy\" decoding=\"async\" class=\"alignnone size-medium wp-image-818\" src=\"https:\/\/www.mariondumas.com\/blog\/wp-content\/uploads\/2011\/04\/elle-252x350.jpg\" alt=\"\" width=\"252\" height=\"350\" srcset=\"https:\/\/www.mariondumas.com\/blog\/wp-content\/uploads\/2011\/04\/elle-252x350.jpg 252w, https:\/\/www.mariondumas.com\/blog\/wp-content\/uploads\/2011\/04\/elle.jpg 346w\" sizes=\"auto, (max-width: 252px) 100vw, 252px\" \/><img loading=\"lazy\" decoding=\"async\" class=\"alignnone size-medium wp-image-833\" src=\"https:\/\/www.mariondumas.com\/blog\/wp-content\/uploads\/2011\/04\/tv-mag-235x350.jpg\" alt=\"\" width=\"235\" height=\"350\" srcset=\"https:\/\/www.mariondumas.com\/blog\/wp-content\/uploads\/2011\/04\/tv-mag-235x350.jpg 235w, https:\/\/www.mariondumas.com\/blog\/wp-content\/uploads\/2011\/04\/tv-mag.jpg 406w\" sizes=\"auto, (max-width: 235px) 100vw, 235px\" \/><img loading=\"lazy\" decoding=\"async\" class=\"alignnone size-medium wp-image-840\" src=\"https:\/\/www.mariondumas.com\/blog\/wp-content\/uploads\/2011\/04\/ypadm-247x350.jpg\" alt=\"\" width=\"247\" height=\"350\" srcset=\"https:\/\/www.mariondumas.com\/blog\/wp-content\/uploads\/2011\/04\/ypadm-247x350.jpg 247w, https:\/\/www.mariondumas.com\/blog\/wp-content\/uploads\/2011\/04\/ypadm.jpg 339w\" sizes=\"auto, (max-width: 247px) 100vw, 247px\" \/><img loading=\"lazy\" decoding=\"async\" class=\"alignnone size-medium wp-image-838\" src=\"https:\/\/www.mariondumas.com\/blog\/wp-content\/uploads\/2011\/04\/voi-350x175.jpg\" alt=\"\" width=\"350\" height=\"175\" srcset=\"https:\/\/www.mariondumas.com\/blog\/wp-content\/uploads\/2011\/04\/voi-350x175.jpg 350w, https:\/\/www.mariondumas.com\/blog\/wp-content\/uploads\/2011\/04\/voi.jpg 604w\" sizes=\"auto, (max-width: 350px) 100vw, 350px\" \/><img loading=\"lazy\" decoding=\"async\" class=\"aligncenter size-full wp-image-749\" title=\"info-levallois1\" src=\"http:\/\/www.mariondumas.com\/blog\/wp-content\/uploads\/2009\/04\/info-levallois1.jpg\" alt=\"info-levallois1\" width=\"1020\" height=\"1403\" \/><\/a><\/p>\n<p><span class=\"texte\"><strong>Ils ont \u00a0parl\u00e9 de la premi\u00e8re version \u00a0du livre :<\/strong><br \/>\n<a href=\"http:\/\/www.public.fr\/people\/agendas.php?id=12122\" target=\"_blank\" rel=\"noopener noreferrer\">Public.fr<br \/>\n<\/a><a href=\"http:\/\/www.infosjeunes.com\/index.php?action=article&amp;id_article=565503\" target=\"_blank\" rel=\"noopener noreferrer\">Infojeunes<br \/>\n<\/a><\/span><span class=\"texte\">Femme Actuelles<br \/>\n<\/span><span class=\"texte\"><a href=\"http:\/\/www.celebrites-online.com\/index.php?page=theatre&amp;n=44\" target=\"_blank\" rel=\"noopener noreferrer\">Interview vid\u00e9o de C\u00e9l\u00e9brit\u00e9s Online<br \/>\n<\/a><\/span><span class=\"texte\">Myspace<br \/>\n<\/span><a href=\"http:\/\/www.fashions-addict.com\/index.asp?ID=379&amp;IDF=159\" target=\"_blank\" rel=\"noopener noreferrer\">Fashion addict<br \/>\n<\/a><a href=\"http:\/\/www.trucdenana.com\/sexo\/article\/node\/y-a-pas-de-males,44850,0.html\">http:\/\/www.trucdenana.com\/sexo\/article\/node\/y-a-pas-de-males,44850,0.html<\/a><\/p>\n<p><a href=\"http:\/\/www.elle.fr\/elle\/Love-Sexe\/News\/Y-a-pas-de-Males-!-les-tribulations-d-une-celibataire\/(gid)\/1485582\">http:\/\/www.elle.fr\/elle\/Love-Sexe\/News\/Y-a-pas-de-Males-!-les-tribulations-d-une-celibataire\/(gid)\/1485582<\/a><\/p>\n<p><a href=\"http:\/\/www.tvfil78.com\/ledirect\/article-ledirect-17-03-2011.html\">http:\/\/www.tvfil78.com\/ledirect\/article-ledirect-17-03-2011.html<\/a><\/p>\n<p><a href=\"http:\/\/www.babelio.com\/livres\/Dumas-Ya-pas-de-males-\/245951\">http:\/\/www.babelio.com\/livres\/Dumas-Ya-pas-de-males-\/245951<\/a><\/p>\n<p><a href=\"http:\/\/www.dailymotion.com\/video\/xhkny3_marion-dumas-interview-exclusive-blog-valerie-perez_shortfilms\">http:\/\/www.dailymotion.com\/video\/xhkny3_marion-dumas-interview-exclusive-blog-valerie-perez_shortfilms<\/a><\/p>\n<p><a href=\"http:\/\/www.viedecelibataire.fr\/fr\/2011\/02\/la-vie-de-celibataire-est-un-roman\/\">http:\/\/www.viedecelibataire.fr\/fr\/2011\/02\/la-vie-de-celibataire-est-un-roman\/<\/a><\/p>\n<p><a href=\"http:\/\/antigel.yvelines.fr\/2011\/01\/25\/le-regard-de-marion-dumas-sur-antigel\/\">http:\/\/antigel.yvelines.fr\/2011\/01\/25\/le-regard-de-marion-dumas-sur-antigel\/<\/a><\/p>\n<p><strong>M\u00e9tro france 1<br \/>\n<a href=\"http:\/\/www.metrofrance.com\/fr\/article\/2007\/08\/20\/17\/5539-37\/index.xml\" target=\"_blank\" rel=\"noopener noreferrer\">\u00a0france 2<br \/>\n<\/a>Blog c\u00e9libataire<\/strong><\/p>\n","protected":false},"excerpt":{"rendered":"<p>Y&rsquo;a pas de M\u00e2les ! un livre de Marion Dumas Voici M\u00e9lanie Moreau, active (r\u00e9dactrice en chef de \u00ab\u00a0la citadine\u00a0\u00bb) et attractive (si, si mais c&rsquo;est gr\u00e2ce \u00e0 son \u00ab\u00a0blond coriace\u00a0\u00bb couleur m\u00e9ga tendance de chez Tony and Guy !). Attention, elle ne cherche pas \u00e0 se caser \u00e0 tout prix, elle cherche le \u00ab\u00a0m\u00e2le<\/p>\n<div class=\"more-link\">\n             <a href=\"https:\/\/www.mariondumas.com\/blog\/livre-yapasdemales\/\" class=\"theme-btn\"><span>Continue Reading <\/span><i class=\"bi bi-arrow-right\"><\/i><\/a>\n        <\/div>\n","protected":false},"author":3,"featured_media":0,"parent":0,"menu_order":9,"comment_status":"closed","ping_status":"closed","template":"","meta":{"footnotes":""},"class_list":["post-41","page","type-page","status-publish","hentry"],"_links":{"self":[{"href":"https:\/\/www.mariondumas.com\/blog\/wp-json\/wp\/v2\/pages\/41","targetHints":{"allow":["GET"]}}],"collection":[{"href":"https:\/\/www.mariondumas.com\/blog\/wp-json\/wp\/v2\/pages"}],"about":[{"href":"https:\/\/www.mariondumas.com\/blog\/wp-json\/wp\/v2\/types\/page"}],"author":[{"embeddable":true,"href":"https:\/\/www.mariondumas.com\/blog\/wp-json\/wp\/v2\/users\/3"}],"replies":[{"embeddable":true,"href":"https:\/\/www.mariondumas.com\/blog\/wp-json\/wp\/v2\/comments?post=41"}],"version-history":[{"count":2,"href":"https:\/\/www.mariondumas.com\/blog\/wp-json\/wp\/v2\/pages\/41\/revisions"}],"predecessor-version":[{"id":2084,"href":"https:\/\/www.mariondumas.com\/blog\/wp-json\/wp\/v2\/pages\/41\/revisions\/2084"}],"wp:attachment":[{"href":"https:\/\/www.mariondumas.com\/blog\/wp-json\/wp\/v2\/media?parent=41"}],"curies":[{"name":"wp","href":"https:\/\/api.w.org\/{rel}","templated":true}]}}